{"id":1441,"date":"2017-11-13T01:16:37","date_gmt":"2017-11-13T01:16:37","guid":{"rendered":"http:\/\/www.lesnumismates.ca\/?page_id=1441"},"modified":"2017-11-13T01:31:21","modified_gmt":"2017-11-13T01:31:21","slug":"bancaire","status":"publish","type":"page","link":"http:\/\/www.lesnumismates.ca\/?page_id=1441","title":{"rendered":"Bancaire"},"content":{"rendered":"<div class=\"pt-cv-wrapper\"><div class=\"pt-cv-view pt-cv-grid pt-cv-colsys\" id=\"pt-cv-view-19ac7ddpzs\"><div data-id=\"pt-cv-page-1\" class=\"pt-cv-page\" data-cvc=\"2\"><div class=\"col-md-6 col-sm-6 col-xs-12 pt-cv-content-item pt-cv-1-col\" ><div class='pt-cv-ifield'><a href=\"http:\/\/www.lesnumismates.ca\/?p=2045\" class=\"_self pt-cv-href-thumbnail pt-cv-thumb-default\" target=\"_self\" ><img width=\"150\" height=\"150\" src=\"http:\/\/www.lesnumismates.ca\/wp-content\/uploads\/2019\/09\/LaNouvelleBatisseDeLaBanqueDuPeuple-150x150.png\" class=\"pt-cv-thumbnail\" alt=\"\" loading=\"lazy\" srcset=\"http:\/\/www.lesnumismates.ca\/wp-content\/uploads\/2019\/09\/LaNouvelleBatisseDeLaBanqueDuPeuple-150x150.png 150w, http:\/\/www.lesnumismates.ca\/wp-content\/uploads\/2019\/09\/LaNouvelleBatisseDeLaBanqueDuPeuple-90x90.png 90w, http:\/\/www.lesnumismates.ca\/wp-content\/uploads\/2019\/09\/LaNouvelleBatisseDeLaBanqueDuPeuple-75x75.png 75w\" sizes=\"(max-width: 150px) 100vw, 150px\" \/><\/a>\n<h4 class=\"pt-cv-title\"><a href=\"http:\/\/www.lesnumismates.ca\/?p=2045\" class=\"_self\" target=\"_self\" >Viger, DeWitt et Cie devenu Banque du Peuple<\/a><\/h4>\n<div class=\"pt-cv-content\">Durant les ann\u00e9es 1830 la province du Bas-Canada et particuli\u00e8rement Montr\u00e9al et ses environs sont secou\u00e9s par des malaises \u00e9conomiques ...<br \/><a href=\"http:\/\/www.lesnumismates.ca\/?p=2045\" class=\"_self pt-cv-readmore btn btn-success\" target=\"_self\">Lire la suite<\/a><\/div><\/div><\/div>\n<div class=\"col-md-6 col-sm-6 col-xs-12 pt-cv-content-item pt-cv-1-col\" ><div class='pt-cv-ifield'><a href=\"http:\/\/www.lesnumismates.ca\/?p=1359\" class=\"_self pt-cv-href-thumbnail pt-cv-thumb-default\" target=\"_self\" ><img width=\"150\" height=\"150\" src=\"http:\/\/www.lesnumismates.ca\/wp-content\/uploads\/2017\/12\/Banque-de-Quebec-150x150.png\" class=\"pt-cv-thumbnail\" alt=\"\" loading=\"lazy\" srcset=\"http:\/\/www.lesnumismates.ca\/wp-content\/uploads\/2017\/12\/Banque-de-Quebec-150x150.png 150w, http:\/\/www.lesnumismates.ca\/wp-content\/uploads\/2017\/12\/Banque-de-Quebec-90x90.png 90w, http:\/\/www.lesnumismates.ca\/wp-content\/uploads\/2017\/12\/Banque-de-Quebec-75x75.png 75w\" sizes=\"(max-width: 150px) 100vw, 150px\" \/><\/a>\n<h4 class=\"pt-cv-title\"><a href=\"http:\/\/www.lesnumismates.ca\/?p=1359\" class=\"_self\" target=\"_self\" >Banque de Qu\u00e9bec 1818 &#8211; 1917<\/a><\/h4>\n<div class=\"pt-cv-content\">Au d\u00e9but de l'ann\u00e9e 1818 des marchands et autres citoyens de Qu\u00e9bec se r\u00e9unissent \u00e0 l'H\u00f4tel Union afin de jeter ...<br \/><a href=\"http:\/\/www.lesnumismates.ca\/?p=1359\" class=\"_self pt-cv-readmore btn btn-success\" target=\"_self\">Lire la suite<\/a><\/div><\/div><\/div>\n<div class=\"col-md-6 col-sm-6 col-xs-12 pt-cv-content-item pt-cv-1-col\" ><div class='pt-cv-ifield'><a href=\"http:\/\/www.lesnumismates.ca\/?p=1484\" class=\"_self pt-cv-href-thumbnail pt-cv-thumb-default\" target=\"_self\" ><img width=\"150\" height=\"150\" src=\"http:\/\/www.lesnumismates.ca\/wp-content\/uploads\/2017\/11\/mini-certificationActionQuebecBank-1-150x150.png\" class=\"pt-cv-thumbnail\" alt=\"\" loading=\"lazy\" srcset=\"http:\/\/www.lesnumismates.ca\/wp-content\/uploads\/2017\/11\/mini-certificationActionQuebecBank-1-150x150.png 150w, http:\/\/www.lesnumismates.ca\/wp-content\/uploads\/2017\/11\/mini-certificationActionQuebecBank-1-90x90.png 90w, http:\/\/www.lesnumismates.ca\/wp-content\/uploads\/2017\/11\/mini-certificationActionQuebecBank-1-75x75.png 75w\" sizes=\"(max-width: 150px) 100vw, 150px\" \/><\/a>\n<h4 class=\"pt-cv-title\"><a href=\"http:\/\/www.lesnumismates.ca\/?p=1484\" class=\"_self\" target=\"_self\" >Collection d&rsquo;items de la Banque de Qu\u00e9bec<\/a><\/h4>\n<div class=\"pt-cv-content\">Voici une collection d'item de la Banque de Qu\u00e9bec. Cartes postales, livret de banque, ch\u00e8ques, certificat d'action, ...<br \/><a href=\"http:\/\/www.lesnumismates.ca\/?p=1484\" class=\"_self pt-cv-readmore btn btn-success\" target=\"_self\">Lire la suite<\/a><\/div><\/div><\/div><\/div><\/div><\/div>\n","protected":false},"excerpt":{"rendered":"","protected":false},"author":1,"featured_media":1445,"parent":24,"menu_order":0,"comment_status":"closed","ping_status":"closed","template":"","meta":[],"_links":{"self":[{"href":"http:\/\/www.lesnumismates.ca\/index.php?rest_route=\/wp\/v2\/pages\/1441"}],"collection":[{"href":"http:\/\/www.lesnumismates.ca\/index.php?rest_route=\/wp\/v2\/pages"}],"about":[{"href":"http:\/\/www.lesnumismates.ca\/index.php?rest_route=\/wp\/v2\/types\/page"}],"author":[{"embeddable":true,"href":"http:\/\/www.lesnumismates.ca\/index.php?rest_route=\/wp\/v2\/users\/1"}],"replies":[{"embeddable":true,"href":"http:\/\/www.lesnumismates.ca\/index.php?rest_route=%2Fwp%2Fv2%2Fcomments&post=1441"}],"version-history":[{"count":1,"href":"http:\/\/www.lesnumismates.ca\/index.php?rest_route=\/wp\/v2\/pages\/1441\/revisions"}],"predecessor-version":[{"id":1443,"href":"http:\/\/www.lesnumismates.ca\/index.php?rest_route=\/wp\/v2\/pages\/1441\/revisions\/1443"}],"up":[{"embeddable":true,"href":"http:\/\/www.lesnumismates.ca\/index.php?rest_route=\/wp\/v2\/pages\/24"}],"wp:featuredmedia":[{"embeddable":true,"href":"http:\/\/www.lesnumismates.ca\/index.php?rest_route=\/wp\/v2\/media\/1445"}],"wp:attachment":[{"href":"http:\/\/www.lesnumismates.ca\/index.php?rest_route=%2Fwp%2Fv2%2Fmedia&parent=1441"}],"curies":[{"name":"wp","href":"https:\/\/api.w.org\/{rel}","templated":true}]}}