{"id":17,"date":"2016-01-12T03:35:03","date_gmt":"2016-01-12T03:35:03","guid":{"rendered":"http:\/\/www.lesnumismates.ca\/?page_id=17"},"modified":"2017-10-13T01:30:11","modified_gmt":"2017-10-13T01:30:11","slug":"stephane-tremblay","status":"publish","type":"page","link":"http:\/\/www.lesnumismates.ca\/?page_id=17","title":{"rendered":"St\u00e9phane Tremblay"},"content":{"rendered":"<p><img loading=\"lazy\" class=\"alignnone  wp-image-1214\" src=\"http:\/\/www.lesnumismates.ca\/wp-content\/uploads\/2016\/01\/stephane-mini-v2.png\" alt=\"\" width=\"185\" height=\"199\" \/><\/p>\n<p>&nbsp;<\/p>\n<h3>Articles de St\u00e9phane<\/h3>\n<p>&nbsp;<\/p>\n<div class=\"pt-cv-wrapper\"><div class=\"pt-cv-view pt-cv-grid pt-cv-colsys\" id=\"pt-cv-view-584e6e6yji\"><div data-id=\"pt-cv-page-1\" class=\"pt-cv-page\" data-cvc=\"2\"><div class=\"col-md-6 col-sm-6 col-xs-12 pt-cv-content-item pt-cv-1-col\" ><div class='pt-cv-ifield'><a href=\"http:\/\/www.lesnumismates.ca\/?p=195\" class=\"_self pt-cv-href-thumbnail pt-cv-thumb-default\" target=\"_self\" ><img width=\"150\" height=\"150\" src=\"http:\/\/www.lesnumismates.ca\/wp-content\/uploads\/2016\/09\/DatationMonnaiesRomainesFigure1-150x150.jpg\" class=\"pt-cv-thumbnail\" alt=\"\" loading=\"lazy\" srcset=\"http:\/\/www.lesnumismates.ca\/wp-content\/uploads\/2016\/09\/DatationMonnaiesRomainesFigure1-150x150.jpg 150w, http:\/\/www.lesnumismates.ca\/wp-content\/uploads\/2016\/09\/DatationMonnaiesRomainesFigure1-90x90.jpg 90w, http:\/\/www.lesnumismates.ca\/wp-content\/uploads\/2016\/09\/DatationMonnaiesRomainesFigure1-75x75.jpg 75w\" sizes=\"(max-width: 150px) 100vw, 150px\" \/><\/a>\n<h4 class=\"pt-cv-title\"><a href=\"http:\/\/www.lesnumismates.ca\/?p=195\" class=\"_self\" target=\"_self\" >La lecture et la datation des monnaies de l&#8217;empire romain<\/a><\/h4>\n<div class=\"pt-cv-content\">Tout collectionneur un tant soit peu int\u00e9ress\u00e9 sait lire et comprend le sens g\u00e9n\u00e9ral des l\u00e9gendes latines apparaissant sur les ...<br \/><a href=\"http:\/\/www.lesnumismates.ca\/?p=195\" class=\"_self pt-cv-readmore btn btn-success\" target=\"_self\">Lire la suite<\/a><\/div><\/div><\/div>\n<div class=\"col-md-6 col-sm-6 col-xs-12 pt-cv-content-item pt-cv-1-col\" ><div class='pt-cv-ifield'><a href=\"http:\/\/www.lesnumismates.ca\/?p=166\" class=\"_self pt-cv-href-thumbnail pt-cv-thumb-default\" target=\"_self\" ><img width=\"150\" height=\"150\" src=\"http:\/\/www.lesnumismates.ca\/wp-content\/uploads\/2016\/01\/balancierfrancais1831-150x150.png\" class=\"pt-cv-thumbnail\" alt=\"\" loading=\"lazy\" srcset=\"http:\/\/www.lesnumismates.ca\/wp-content\/uploads\/2016\/01\/balancierfrancais1831-150x150.png 150w, http:\/\/www.lesnumismates.ca\/wp-content\/uploads\/2016\/01\/balancierfrancais1831-90x90.png 90w, http:\/\/www.lesnumismates.ca\/wp-content\/uploads\/2016\/01\/balancierfrancais1831-75x75.png 75w\" sizes=\"(max-width: 150px) 100vw, 150px\" \/><\/a>\n<h4 class=\"pt-cv-title\"><a href=\"http:\/\/www.lesnumismates.ca\/?p=166\" class=\"_self\" target=\"_self\" >La frappe au balancier mon\u00e9taire (son entr\u00e9e en sc\u00e8ne, sa m\u00e9canique et son remplacement)<\/a><\/h4>\n<div class=\"pt-cv-content\">Appareil invent\u00e9 vers le milieu du 16e si\u00e8cle, le balancier mon\u00e9taire \u00e9tait appel\u00e9 ainsi parce qu'il utilisait un balancier et ...<br \/><a href=\"http:\/\/www.lesnumismates.ca\/?p=166\" class=\"_self pt-cv-readmore btn btn-success\" target=\"_self\">Lire la suite<\/a><\/div><\/div><\/div>\n<div class=\"col-md-6 col-sm-6 col-xs-12 pt-cv-content-item pt-cv-1-col\" ><div class='pt-cv-ifield'><a href=\"http:\/\/www.lesnumismates.ca\/?p=200\" class=\"_self pt-cv-href-thumbnail pt-cv-thumb-default\" target=\"_self\" ><img width=\"150\" height=\"150\" src=\"http:\/\/www.lesnumismates.ca\/wp-content\/uploads\/2017\/09\/Jeton-HBC-mini-150x150.png\" class=\"pt-cv-thumbnail\" alt=\"\" loading=\"lazy\" srcset=\"http:\/\/www.lesnumismates.ca\/wp-content\/uploads\/2017\/09\/Jeton-HBC-mini-150x150.png 150w, http:\/\/www.lesnumismates.ca\/wp-content\/uploads\/2017\/09\/Jeton-HBC-mini-300x300.png 300w, http:\/\/www.lesnumismates.ca\/wp-content\/uploads\/2017\/09\/Jeton-HBC-mini-90x90.png 90w, http:\/\/www.lesnumismates.ca\/wp-content\/uploads\/2017\/09\/Jeton-HBC-mini-75x75.png 75w, http:\/\/www.lesnumismates.ca\/wp-content\/uploads\/2017\/09\/Jeton-HBC-mini.png 744w\" sizes=\"(max-width: 150px) 100vw, 150px\" \/><\/a>\n<h4 class=\"pt-cv-title\"><a href=\"http:\/\/www.lesnumismates.ca\/?p=200\" class=\"_self\" target=\"_self\" >Les jetons de la Compagnie de la Baie d\u2019Hudson<\/a><\/h4>\n<div class=\"pt-cv-content\">Les d\u00e9couvreurs et les premiers explorateurs du nouveau monde et les colons qui suivirent se rendirent vite compte que les ...<br \/><a href=\"http:\/\/www.lesnumismates.ca\/?p=200\" class=\"_self pt-cv-readmore btn btn-success\" target=\"_self\">Lire la suite<\/a><\/div><\/div><\/div>\n<div class=\"col-md-6 col-sm-6 col-xs-12 pt-cv-content-item pt-cv-1-col\" ><div class='pt-cv-ifield'><a href=\"http:\/\/www.lesnumismates.ca\/?p=161\" class=\"_self pt-cv-href-thumbnail pt-cv-thumb-default\" target=\"_self\" ><img width=\"150\" height=\"150\" src=\"http:\/\/www.lesnumismates.ca\/wp-content\/uploads\/2016\/01\/Les-banquiers-de-laube-du-systeme-bancaire-2-mini-150x150.png\" class=\"pt-cv-thumbnail\" alt=\"\" loading=\"lazy\" srcset=\"http:\/\/www.lesnumismates.ca\/wp-content\/uploads\/2016\/01\/Les-banquiers-de-laube-du-systeme-bancaire-2-mini-150x150.png 150w, http:\/\/www.lesnumismates.ca\/wp-content\/uploads\/2016\/01\/Les-banquiers-de-laube-du-systeme-bancaire-2-mini-251x250.png 251w, http:\/\/www.lesnumismates.ca\/wp-content\/uploads\/2016\/01\/Les-banquiers-de-laube-du-systeme-bancaire-2-mini-90x90.png 90w, http:\/\/www.lesnumismates.ca\/wp-content\/uploads\/2016\/01\/Les-banquiers-de-laube-du-systeme-bancaire-2-mini-75x75.png 75w\" sizes=\"(max-width: 150px) 100vw, 150px\" \/><\/a>\n<h4 class=\"pt-cv-title\"><a href=\"http:\/\/www.lesnumismates.ca\/?p=161\" class=\"_self\" target=\"_self\" >Les banquiers de l&rsquo;aube du syst\u00e8me bancaire<\/a><\/h4>\n<div class=\"pt-cv-content\">Au moyen \u00e2ge, la multiplicit\u00e9 des monnaies a n\u00e9cessit\u00e9 la mise en place de changeurs qui fixent le cours des ...<br \/><a href=\"http:\/\/www.lesnumismates.ca\/?p=161\" class=\"_self pt-cv-readmore btn btn-success\" target=\"_self\">Lire la suite<\/a><\/div><\/div><\/div>\n<div class=\"col-md-6 col-sm-6 col-xs-12 pt-cv-content-item pt-cv-1-col\" ><div class='pt-cv-ifield'><a href=\"http:\/\/www.lesnumismates.ca\/?p=198\" class=\"_self pt-cv-href-thumbnail pt-cv-thumb-default\" target=\"_self\" ><img width=\"150\" height=\"150\" src=\"http:\/\/www.lesnumismates.ca\/wp-content\/uploads\/2016\/09\/armoirie-HBC-150x150.png\" class=\"pt-cv-thumbnail\" alt=\"\" loading=\"lazy\" srcset=\"http:\/\/www.lesnumismates.ca\/wp-content\/uploads\/2016\/09\/armoirie-HBC-150x150.png 150w, http:\/\/www.lesnumismates.ca\/wp-content\/uploads\/2016\/09\/armoirie-HBC-90x90.png 90w, http:\/\/www.lesnumismates.ca\/wp-content\/uploads\/2016\/09\/armoirie-HBC-75x75.png 75w, http:\/\/www.lesnumismates.ca\/wp-content\/uploads\/2016\/09\/armoirie-HBC.png 296w\" sizes=\"(max-width: 150px) 100vw, 150px\" \/><\/a>\n<h4 class=\"pt-cv-title\"><a href=\"http:\/\/www.lesnumismates.ca\/?p=198\" class=\"_self\" target=\"_self\" >La Compagnie de la Baie d\u2019Hudson<\/a><\/h4>\n<div class=\"pt-cv-content\">La Compagnie de la Baie d\u2019Hudson (de son vrai nom actuel Hudson\u2019s Bay Company ou HBC) a \u00e9t\u00e9 incorpor\u00e9e le ...<br \/><a href=\"http:\/\/www.lesnumismates.ca\/?p=198\" class=\"_self pt-cv-readmore btn btn-success\" target=\"_self\">Lire la suite<\/a><\/div><\/div><\/div>\n<div class=\"col-md-6 col-sm-6 col-xs-12 pt-cv-content-item pt-cv-1-col\" ><div class='pt-cv-ifield'><a href=\"http:\/\/www.lesnumismates.ca\/?p=191\" class=\"_self pt-cv-href-thumbnail pt-cv-thumb-default\" target=\"_self\" ><img width=\"150\" height=\"150\" src=\"http:\/\/www.lesnumismates.ca\/wp-content\/uploads\/2017\/05\/cesar-e1503777881483-150x150.png\" class=\"pt-cv-thumbnail\" alt=\"\" loading=\"lazy\" srcset=\"http:\/\/www.lesnumismates.ca\/wp-content\/uploads\/2017\/05\/cesar-e1503777881483-150x150.png 150w, http:\/\/www.lesnumismates.ca\/wp-content\/uploads\/2017\/05\/cesar-e1503777881483-90x90.png 90w, http:\/\/www.lesnumismates.ca\/wp-content\/uploads\/2017\/05\/cesar-e1503777881483-75x75.png 75w\" sizes=\"(max-width: 150px) 100vw, 150px\" \/><\/a>\n<h4 class=\"pt-cv-title\"><a href=\"http:\/\/www.lesnumismates.ca\/?p=191\" class=\"_self\" target=\"_self\" >Les monnaies de l&#8217;empire romain, plus pr\u00e8s de nous que l&rsquo;on imagine!<\/a><\/h4>\n<div class=\"pt-cv-content\">Vous \u00eates-vous d\u00e9j\u00e0 demand\u00e9 pourquoi les monnaies modernes ont telles ou telles caract\u00e9ristiques et d'o\u00f9 viennent-elles? Vous serez surpris d'apprendre ...<br \/><a href=\"http:\/\/www.lesnumismates.ca\/?p=191\" class=\"_self pt-cv-readmore btn btn-success\" target=\"_self\">Lire la suite<\/a><\/div><\/div><\/div>\n<div class=\"col-md-6 col-sm-6 col-xs-12 pt-cv-content-item pt-cv-1-col\" ><div class='pt-cv-ifield'><a href=\"http:\/\/www.lesnumismates.ca\/?p=186\" class=\"_self pt-cv-href-thumbnail pt-cv-thumb-default\" target=\"_self\" ><img width=\"150\" height=\"150\" src=\"http:\/\/www.lesnumismates.ca\/wp-content\/uploads\/2016\/09\/romaine-mini-150x150.jpg\" class=\"pt-cv-thumbnail\" alt=\"\" loading=\"lazy\" srcset=\"http:\/\/www.lesnumismates.ca\/wp-content\/uploads\/2016\/09\/romaine-mini-150x150.jpg 150w, http:\/\/www.lesnumismates.ca\/wp-content\/uploads\/2016\/09\/romaine-mini-90x90.jpg 90w, http:\/\/www.lesnumismates.ca\/wp-content\/uploads\/2016\/09\/romaine-mini-75x75.jpg 75w, http:\/\/www.lesnumismates.ca\/wp-content\/uploads\/2016\/09\/romaine-mini.jpg 225w\" sizes=\"(max-width: 150px) 100vw, 150px\" \/><\/a>\n<h4 class=\"pt-cv-title\"><a href=\"http:\/\/www.lesnumismates.ca\/?p=186\" class=\"_self\" target=\"_self\" >Les origines des monnaies de l&#8217;empire romain<\/a><\/h4>\n<div class=\"pt-cv-content\">Le titre aurait pu \u00eatre \"Les origines de la monnaie\", tout simplement, mais mon but \u00e9tant de faire une s\u00e9rie ...<br \/><a href=\"http:\/\/www.lesnumismates.ca\/?p=186\" class=\"_self pt-cv-readmore btn btn-success\" target=\"_self\">Lire la suite<\/a><\/div><\/div><\/div>\n<div class=\"col-md-6 col-sm-6 col-xs-12 pt-cv-content-item pt-cv-1-col\" ><div class='pt-cv-ifield'><a href=\"http:\/\/www.lesnumismates.ca\/?p=164\" class=\"_self pt-cv-href-thumbnail pt-cv-thumb-default\" target=\"_self\" ><img width=\"150\" height=\"150\" src=\"http:\/\/www.lesnumismates.ca\/wp-content\/uploads\/2016\/01\/Matthew_Boulton_-_Carl_Frederik_von_Breda-150x150.jpg\" class=\"pt-cv-thumbnail\" alt=\"\" loading=\"lazy\" srcset=\"http:\/\/www.lesnumismates.ca\/wp-content\/uploads\/2016\/01\/Matthew_Boulton_-_Carl_Frederik_von_Breda-150x150.jpg 150w, http:\/\/www.lesnumismates.ca\/wp-content\/uploads\/2016\/01\/Matthew_Boulton_-_Carl_Frederik_von_Breda-90x90.jpg 90w, http:\/\/www.lesnumismates.ca\/wp-content\/uploads\/2016\/01\/Matthew_Boulton_-_Carl_Frederik_von_Breda-75x75.jpg 75w, http:\/\/www.lesnumismates.ca\/wp-content\/uploads\/2016\/01\/Matthew_Boulton_-_Carl_Frederik_von_Breda-300x300.jpg 300w\" sizes=\"(max-width: 150px) 100vw, 150px\" \/><\/a>\n<h4 class=\"pt-cv-title\"><a href=\"http:\/\/www.lesnumismates.ca\/?p=164\" class=\"_self\" target=\"_self\" >Matthew Boulton le visionnaire<\/a><\/h4>\n<div class=\"pt-cv-content\">Intens\u00e9ment ambitieux, visionnaire, ing\u00e9nieux, astucieux, perspicace et intelligent, Matthew Boulton n'\u00e9tait pas un inventeur, contrairement \u00e0 son partenaire James Watt ...<br \/><a href=\"http:\/\/www.lesnumismates.ca\/?p=164\" class=\"_self pt-cv-readmore btn btn-success\" target=\"_self\">Lire la suite<\/a><\/div><\/div><\/div><\/div><\/div><\/div>\n","protected":false},"excerpt":{"rendered":"<p>&nbsp; Articles de St\u00e9phane &nbsp;<\/p>\n","protected":false},"author":1,"featured_media":1214,"parent":9,"menu_order":0,"comment_status":"closed","ping_status":"closed","template":"","meta":[],"_links":{"self":[{"href":"http:\/\/www.lesnumismates.ca\/index.php?rest_route=\/wp\/v2\/pages\/17"}],"collection":[{"href":"http:\/\/www.lesnumismates.ca\/index.php?rest_route=\/wp\/v2\/pages"}],"about":[{"href":"http:\/\/www.lesnumismates.ca\/index.php?rest_route=\/wp\/v2\/types\/page"}],"author":[{"embeddable":true,"href":"http:\/\/www.lesnumismates.ca\/index.php?rest_route=\/wp\/v2\/users\/1"}],"replies":[{"embeddable":true,"href":"http:\/\/www.lesnumismates.ca\/index.php?rest_route=%2Fwp%2Fv2%2Fcomments&post=17"}],"version-history":[{"count":9,"href":"http:\/\/www.lesnumismates.ca\/index.php?rest_route=\/wp\/v2\/pages\/17\/revisions"}],"predecessor-version":[{"id":2016,"href":"http:\/\/www.lesnumismates.ca\/index.php?rest_route=\/wp\/v2\/pages\/17\/revisions\/2016"}],"up":[{"embeddable":true,"href":"http:\/\/www.lesnumismates.ca\/index.php?rest_route=\/wp\/v2\/pages\/9"}],"wp:featuredmedia":[{"embeddable":true,"href":"http:\/\/www.lesnumismates.ca\/index.php?rest_route=\/wp\/v2\/media\/1214"}],"wp:attachment":[{"href":"http:\/\/www.lesnumismates.ca\/index.php?rest_route=%2Fwp%2Fv2%2Fmedia&parent=17"}],"curies":[{"name":"wp","href":"https:\/\/api.w.org\/{rel}","templated":true}]}}