{"id":327,"date":"2017-02-18T04:06:37","date_gmt":"2017-02-18T04:06:37","guid":{"rendered":"http:\/\/www.lesnumismates.ca\/?page_id=327"},"modified":"2017-11-08T02:47:42","modified_gmt":"2017-11-08T02:47:42","slug":"gabriel-cote","status":"publish","type":"page","link":"http:\/\/www.lesnumismates.ca\/?page_id=327","title":{"rendered":"Gabriel C\u00f4t\u00e9"},"content":{"rendered":"<p><img loading=\"lazy\" class=\"alignnone wp-image-1388\" src=\"http:\/\/www.lesnumismates.ca\/wp-content\/uploads\/2017\/02\/Gabriel-miniV2.png\" alt=\"\" width=\"203\" height=\"201\" srcset=\"http:\/\/www.lesnumismates.ca\/wp-content\/uploads\/2017\/02\/Gabriel-miniV2.png 401w, http:\/\/www.lesnumismates.ca\/wp-content\/uploads\/2017\/02\/Gabriel-miniV2-150x150.png 150w, http:\/\/www.lesnumismates.ca\/wp-content\/uploads\/2017\/02\/Gabriel-miniV2-300x296.png 300w, http:\/\/www.lesnumismates.ca\/wp-content\/uploads\/2017\/02\/Gabriel-miniV2-90x90.png 90w, http:\/\/www.lesnumismates.ca\/wp-content\/uploads\/2017\/02\/Gabriel-miniV2-75x75.png 75w\" sizes=\"(max-width: 203px) 100vw, 203px\" \/><\/p>\n<p>&nbsp;<\/p>\n<h3>Articles de Gabriel<\/h3>\n<p>&nbsp;<\/p>\n<div class=\"pt-cv-wrapper\"><div class=\"pt-cv-view pt-cv-grid pt-cv-colsys\" id=\"pt-cv-view-eb618a9qes\"><div data-id=\"pt-cv-page-1\" class=\"pt-cv-page\" data-cvc=\"2\"><div class=\"col-md-6 col-sm-6 col-xs-12 pt-cv-content-item pt-cv-1-col\" ><div class='pt-cv-ifield'><a href=\"http:\/\/www.lesnumismates.ca\/?p=1407\" class=\"_self pt-cv-href-thumbnail pt-cv-thumb-default\" target=\"_self\" ><img width=\"150\" height=\"150\" src=\"http:\/\/www.lesnumismates.ca\/wp-content\/uploads\/2017\/11\/AllegorieTransportMini-150x150.png\" class=\"pt-cv-thumbnail\" alt=\"\" loading=\"lazy\" srcset=\"http:\/\/www.lesnumismates.ca\/wp-content\/uploads\/2017\/11\/AllegorieTransportMini-150x150.png 150w, http:\/\/www.lesnumismates.ca\/wp-content\/uploads\/2017\/11\/AllegorieTransportMini-90x90.png 90w, http:\/\/www.lesnumismates.ca\/wp-content\/uploads\/2017\/11\/AllegorieTransportMini-75x75.png 75w\" sizes=\"(max-width: 150px) 100vw, 150px\" \/><\/a>\n<h4 class=\"pt-cv-title\"><a href=\"http:\/\/www.lesnumismates.ca\/?p=1407\" class=\"_self\" target=\"_self\" >All\u00e9gorie du transport<\/a><\/h4>\n<div class=\"pt-cv-content\">\u00c0 l\u2019endos du billet de 2$ de 1935 et du billet de 10$ de 1937 (voir image #1) figure l\u2019all\u00e9gorie ...<br \/><a href=\"http:\/\/www.lesnumismates.ca\/?p=1407\" class=\"_self pt-cv-readmore btn btn-success\" target=\"_self\">Lire la suite<\/a><\/div><\/div><\/div>\n<div class=\"col-md-6 col-sm-6 col-xs-12 pt-cv-content-item pt-cv-1-col\" ><div class='pt-cv-ifield'><a href=\"http:\/\/www.lesnumismates.ca\/?p=1399\" class=\"_self pt-cv-href-thumbnail pt-cv-thumb-default\" target=\"_self\" ><img width=\"150\" height=\"150\" src=\"http:\/\/www.lesnumismates.ca\/wp-content\/uploads\/2017\/11\/Alegorie_agriculture-mini-150x150.png\" class=\"pt-cv-thumbnail\" alt=\"\" loading=\"lazy\" srcset=\"http:\/\/www.lesnumismates.ca\/wp-content\/uploads\/2017\/11\/Alegorie_agriculture-mini-150x150.png 150w, http:\/\/www.lesnumismates.ca\/wp-content\/uploads\/2017\/11\/Alegorie_agriculture-mini-90x90.png 90w, http:\/\/www.lesnumismates.ca\/wp-content\/uploads\/2017\/11\/Alegorie_agriculture-mini-75x75.png 75w\" sizes=\"(max-width: 150px) 100vw, 150px\" \/><\/a>\n<h4 class=\"pt-cv-title\"><a href=\"http:\/\/www.lesnumismates.ca\/?p=1399\" class=\"_self\" target=\"_self\" >All\u00e9gorie de l\u2019agriculture<\/a><\/h4>\n<div class=\"pt-cv-content\">\u00c0 l\u2019endos du billet de 1$ de 1935 et de 1937, soit la coupure la plus importante en quantit\u00e9 et ...<br \/><a href=\"http:\/\/www.lesnumismates.ca\/?p=1399\" class=\"_self pt-cv-readmore btn btn-success\" target=\"_self\">Lire la suite<\/a><\/div><\/div><\/div>\n<div class=\"col-md-6 col-sm-6 col-xs-12 pt-cv-content-item pt-cv-1-col\" ><div class='pt-cv-ifield'><a href=\"http:\/\/www.lesnumismates.ca\/?p=1377\" class=\"_self pt-cv-href-thumbnail pt-cv-thumb-default\" target=\"_self\" ><img width=\"150\" height=\"150\" src=\"http:\/\/www.lesnumismates.ca\/wp-content\/uploads\/2019\/11\/Alegorie_electricite-150x150.png\" class=\"pt-cv-thumbnail\" alt=\"\" loading=\"lazy\" srcset=\"http:\/\/www.lesnumismates.ca\/wp-content\/uploads\/2019\/11\/Alegorie_electricite-150x150.png 150w, http:\/\/www.lesnumismates.ca\/wp-content\/uploads\/2019\/11\/Alegorie_electricite-90x90.png 90w, http:\/\/www.lesnumismates.ca\/wp-content\/uploads\/2019\/11\/Alegorie_electricite-75x75.png 75w\" sizes=\"(max-width: 150px) 100vw, 150px\" \/><\/a>\n<h4 class=\"pt-cv-title\"><a href=\"http:\/\/www.lesnumismates.ca\/?p=1377\" class=\"_self\" target=\"_self\" >All\u00e9gorie de l\u2019\u00e9lectricit\u00e9<\/a><\/h4>\n<div class=\"pt-cv-content\">\u00c0 l\u2019endos du billet de 5$ de 1935 et de 1937 (voir image #1) figure l\u2019all\u00e9gorie de l\u2019\u00e9lectricit\u00e9. Ce th\u00e8me ...<br \/><a href=\"http:\/\/www.lesnumismates.ca\/?p=1377\" class=\"_self pt-cv-readmore btn btn-success\" target=\"_self\">Lire la suite<\/a><\/div><\/div><\/div>\n<div class=\"col-md-6 col-sm-6 col-xs-12 pt-cv-content-item pt-cv-1-col\" ><div class='pt-cv-ifield'><a href=\"http:\/\/www.lesnumismates.ca\/?p=1393\" class=\"_self pt-cv-href-thumbnail pt-cv-thumb-default\" target=\"_self\" ><img width=\"124\" height=\"150\" src=\"http:\/\/www.lesnumismates.ca\/wp-content\/uploads\/2017\/11\/regalia-mini-124x150.png\" class=\"pt-cv-thumbnail\" alt=\"\" loading=\"lazy\" \/><\/a>\n<h4 class=\"pt-cv-title\"><a href=\"http:\/\/www.lesnumismates.ca\/?p=1393\" class=\"_self\" target=\"_self\" >Pr\u00e9ambule aux articles des all\u00e9gories<\/a><\/h4>\n<div class=\"pt-cv-content\">Voici une s\u00e9rie d'article traitant du constructivisme social, soit la cr\u00e9ation\/l\u2019incorporation d\u2019\u00e9l\u00e9ments non culturels regroup\u00e9s ensemble pour former une nouvelle ...<br \/><a href=\"http:\/\/www.lesnumismates.ca\/?p=1393\" class=\"_self pt-cv-readmore btn btn-success\" target=\"_self\">Lire la suite<\/a><\/div><\/div><\/div><\/div><\/div><\/div>\n","protected":false},"excerpt":{"rendered":"<p>&nbsp; Articles de Gabriel &nbsp;<\/p>\n","protected":false},"author":1,"featured_media":1388,"parent":9,"menu_order":0,"comment_status":"closed","ping_status":"closed","template":"","meta":[],"_links":{"self":[{"href":"http:\/\/www.lesnumismates.ca\/index.php?rest_route=\/wp\/v2\/pages\/327"}],"collection":[{"href":"http:\/\/www.lesnumismates.ca\/index.php?rest_route=\/wp\/v2\/pages"}],"about":[{"href":"http:\/\/www.lesnumismates.ca\/index.php?rest_route=\/wp\/v2\/types\/page"}],"author":[{"embeddable":true,"href":"http:\/\/www.lesnumismates.ca\/index.php?rest_route=\/wp\/v2\/users\/1"}],"replies":[{"embeddable":true,"href":"http:\/\/www.lesnumismates.ca\/index.php?rest_route=%2Fwp%2Fv2%2Fcomments&post=327"}],"version-history":[{"count":8,"href":"http:\/\/www.lesnumismates.ca\/index.php?rest_route=\/wp\/v2\/pages\/327\/revisions"}],"predecessor-version":[{"id":1390,"href":"http:\/\/www.lesnumismates.ca\/index.php?rest_route=\/wp\/v2\/pages\/327\/revisions\/1390"}],"up":[{"embeddable":true,"href":"http:\/\/www.lesnumismates.ca\/index.php?rest_route=\/wp\/v2\/pages\/9"}],"wp:featuredmedia":[{"embeddable":true,"href":"http:\/\/www.lesnumismates.ca\/index.php?rest_route=\/wp\/v2\/media\/1388"}],"wp:attachment":[{"href":"http:\/\/www.lesnumismates.ca\/index.php?rest_route=%2Fwp%2Fv2%2Fmedia&parent=327"}],"curies":[{"name":"wp","href":"https:\/\/api.w.org\/{rel}","templated":true}]}}