{"id":548,"date":"2017-08-28T02:49:40","date_gmt":"2017-08-28T02:49:40","guid":{"rendered":"http:\/\/www.lesnumismates.ca\/?page_id=548"},"modified":"2017-10-13T00:54:16","modified_gmt":"2017-10-13T00:54:16","slug":"jetons-coloniaux","status":"publish","type":"page","link":"http:\/\/www.lesnumismates.ca\/?page_id=548","title":{"rendered":"Jetons coloniaux"},"content":{"rendered":"<div class=\"pt-cv-wrapper\"><div class=\"pt-cv-view pt-cv-grid pt-cv-colsys\" id=\"pt-cv-view-28372abvrq\"><div data-id=\"pt-cv-page-1\" class=\"pt-cv-page\" data-cvc=\"2\"><div class=\"col-md-6 col-sm-6 col-xs-12 pt-cv-content-item pt-cv-1-col\" ><div class='pt-cv-ifield'><a href=\"http:\/\/www.lesnumismates.ca\/?p=1701\" class=\"_self pt-cv-href-thumbnail pt-cv-thumb-default\" target=\"_self\" ><img width=\"150\" height=\"150\" src=\"http:\/\/www.lesnumismates.ca\/wp-content\/uploads\/2018\/08\/thumnailfakepc4-150x150.jpg\" class=\"pt-cv-thumbnail\" alt=\"\" loading=\"lazy\" srcset=\"http:\/\/www.lesnumismates.ca\/wp-content\/uploads\/2018\/08\/thumnailfakepc4-150x150.jpg 150w, http:\/\/www.lesnumismates.ca\/wp-content\/uploads\/2018\/08\/thumnailfakepc4-300x300.jpg 300w, http:\/\/www.lesnumismates.ca\/wp-content\/uploads\/2018\/08\/thumnailfakepc4-768x768.jpg 768w, http:\/\/www.lesnumismates.ca\/wp-content\/uploads\/2018\/08\/thumnailfakepc4-1024x1024.jpg 1024w, http:\/\/www.lesnumismates.ca\/wp-content\/uploads\/2018\/08\/thumnailfakepc4-90x90.jpg 90w, http:\/\/www.lesnumismates.ca\/wp-content\/uploads\/2018\/08\/thumnailfakepc4-75x75.jpg 75w, http:\/\/www.lesnumismates.ca\/wp-content\/uploads\/2018\/08\/thumnailfakepc4.jpg 1137w\" sizes=\"(max-width: 150px) 100vw, 150px\" \/><\/a>\n<h4 class=\"pt-cv-title\"><a href=\"http:\/\/www.lesnumismates.ca\/?p=1701\" class=\"_self\" target=\"_self\" >Jeton colonial contrefait (PC-4)<\/a><\/h4>\n<div class=\"pt-cv-content\">Depuis quelques temps, des contrefa\u00e7ons de jetons coloniaux canadiens apparaissent sporadiquement sur eBay.\u00a0 Ils demeurent le temps qu'un ou des ...<br \/><a href=\"http:\/\/www.lesnumismates.ca\/?p=1701\" class=\"_self pt-cv-readmore btn btn-success\" target=\"_self\">Lire la suite<\/a><\/div><\/div><\/div>\n<div class=\"col-md-6 col-sm-6 col-xs-12 pt-cv-content-item pt-cv-1-col\" ><div class='pt-cv-ifield'><a href=\"http:\/\/www.lesnumismates.ca\/?p=1676\" class=\"_self pt-cv-href-thumbnail pt-cv-thumb-default\" target=\"_self\" ><img width=\"150\" height=\"150\" src=\"http:\/\/www.lesnumismates.ca\/wp-content\/uploads\/2018\/04\/LC-15A1-Revers-150x150.png\" class=\"pt-cv-thumbnail\" alt=\"\" loading=\"lazy\" srcset=\"http:\/\/www.lesnumismates.ca\/wp-content\/uploads\/2018\/04\/LC-15A1-Revers-150x150.png 150w, http:\/\/www.lesnumismates.ca\/wp-content\/uploads\/2018\/04\/LC-15A1-Revers-298x300.png 298w, http:\/\/www.lesnumismates.ca\/wp-content\/uploads\/2018\/04\/LC-15A1-Revers-90x90.png 90w, http:\/\/www.lesnumismates.ca\/wp-content\/uploads\/2018\/04\/LC-15A1-Revers-75x75.png 75w, http:\/\/www.lesnumismates.ca\/wp-content\/uploads\/2018\/04\/LC-15A1-Revers.png 665w\" sizes=\"(max-width: 150px) 100vw, 150px\" \/><\/a>\n<h4 class=\"pt-cv-title\"><a href=\"http:\/\/www.lesnumismates.ca\/?p=1676\" class=\"_self\" target=\"_self\" >Jeton Thomas Storrow Brown connu sous T.S. Brown ou Jeton \u00e0 Tommy (Breton 561)<\/a><\/h4>\n<div class=\"pt-cv-content\">Ce jeton de cuivre fut frapp\u00e9 a Birmingham, Angleterre. Il fut \u00e9mis en 1832 pour la quincaillerie Brown, situ\u00e9 \u00e0 ...<br \/><a href=\"http:\/\/www.lesnumismates.ca\/?p=1676\" class=\"_self pt-cv-readmore btn btn-success\" target=\"_self\">Lire la suite<\/a><\/div><\/div><\/div>\n<div class=\"col-md-6 col-sm-6 col-xs-12 pt-cv-content-item pt-cv-1-col\" ><div class='pt-cv-ifield'><a href=\"http:\/\/www.lesnumismates.ca\/?p=1104\" class=\"_self pt-cv-href-thumbnail pt-cv-thumb-default\" target=\"_self\" ><img width=\"150\" height=\"150\" src=\"http:\/\/www.lesnumismates.ca\/wp-content\/uploads\/2017\/12\/Article-6-photo-1-v3-150x150.jpg\" class=\"pt-cv-thumbnail\" alt=\"\" loading=\"lazy\" srcset=\"http:\/\/www.lesnumismates.ca\/wp-content\/uploads\/2017\/12\/Article-6-photo-1-v3-150x150.jpg 150w, http:\/\/www.lesnumismates.ca\/wp-content\/uploads\/2017\/12\/Article-6-photo-1-v3-90x90.jpg 90w, http:\/\/www.lesnumismates.ca\/wp-content\/uploads\/2017\/12\/Article-6-photo-1-v3-75x75.jpg 75w\" sizes=\"(max-width: 150px) 100vw, 150px\" \/><\/a>\n<h4 class=\"pt-cv-title\"><a href=\"http:\/\/www.lesnumismates.ca\/?p=1104\" class=\"_self\" target=\"_self\" >Guide Compl\u00e9mentaire des Jetons Coloniaux Canadiens, Sixi\u00e8me Partie, LC-56A (Breton 1004)<\/a><\/h4>\n<div class=\"pt-cv-content\">Bonjour, nous voici donc \u00e0 explorer encore les diff\u00e9rences entre certaines vari\u00e9t\u00e9s qui ne sont pas bien illustr\u00e9es dans le ...<br \/><a href=\"http:\/\/www.lesnumismates.ca\/?p=1104\" class=\"_self pt-cv-readmore btn btn-success\" target=\"_self\">Lire la suite<\/a><\/div><\/div><\/div>\n<div class=\"col-md-6 col-sm-6 col-xs-12 pt-cv-content-item pt-cv-1-col\" ><div class='pt-cv-ifield'><a href=\"http:\/\/www.lesnumismates.ca\/?p=1329\" class=\"_self pt-cv-href-thumbnail pt-cv-thumb-default\" target=\"_self\" ><img width=\"150\" height=\"150\" src=\"http:\/\/www.lesnumismates.ca\/wp-content\/uploads\/2017\/10\/Lauzon-1821-mini-150x150.jpg\" class=\"pt-cv-thumbnail\" alt=\"\" loading=\"lazy\" srcset=\"http:\/\/www.lesnumismates.ca\/wp-content\/uploads\/2017\/10\/Lauzon-1821-mini-150x150.jpg 150w, http:\/\/www.lesnumismates.ca\/wp-content\/uploads\/2017\/10\/Lauzon-1821-mini-90x90.jpg 90w, http:\/\/www.lesnumismates.ca\/wp-content\/uploads\/2017\/10\/Lauzon-1821-mini-75x75.jpg 75w\" sizes=\"(max-width: 150px) 100vw, 150px\" \/><\/a>\n<h4 class=\"pt-cv-title\"><a href=\"http:\/\/www.lesnumismates.ca\/?p=1329\" class=\"_self\" target=\"_self\" >Histoire de la traverse Qu\u00e9bec-L\u00e9vis et du jeton Lauzon<\/a><\/h4>\n<div class=\"pt-cv-content\">Aujourd\u2019hui lorsque nous avons besoin de traverser \u00e0 L\u00e9vis, on peut y aller en auto par les ponts ou utiliser ...<br \/><a href=\"http:\/\/www.lesnumismates.ca\/?p=1329\" class=\"_self pt-cv-readmore btn btn-success\" target=\"_self\">Lire la suite<\/a><\/div><\/div><\/div>\n<div class=\"col-md-6 col-sm-6 col-xs-12 pt-cv-content-item pt-cv-1-col\" ><div class='pt-cv-ifield'><a href=\"http:\/\/www.lesnumismates.ca\/?p=452\" class=\"_self pt-cv-href-thumbnail pt-cv-thumb-default\" target=\"_self\" ><img width=\"150\" height=\"150\" src=\"http:\/\/www.lesnumismates.ca\/wp-content\/uploads\/2017\/05\/jamaica-150x150.png\" class=\"pt-cv-thumbnail\" alt=\"\" loading=\"lazy\" srcset=\"http:\/\/www.lesnumismates.ca\/wp-content\/uploads\/2017\/05\/jamaica-150x150.png 150w, http:\/\/www.lesnumismates.ca\/wp-content\/uploads\/2017\/05\/jamaica-90x90.png 90w, http:\/\/www.lesnumismates.ca\/wp-content\/uploads\/2017\/05\/jamaica-75x75.png 75w, http:\/\/www.lesnumismates.ca\/wp-content\/uploads\/2017\/05\/jamaica.png 543w\" sizes=\"(max-width: 150px) 100vw, 150px\" \/><\/a>\n<h4 class=\"pt-cv-title\"><a href=\"http:\/\/www.lesnumismates.ca\/?p=452\" class=\"_self\" target=\"_self\" >Quoi de neuf sur eBay (mai 2017)<\/a><\/h4>\n<div class=\"pt-cv-content\">Une tr\u00e8s belle raret\u00e9 (UC-11) \u00e9tait disponible sur eBay jusqu'\u00e0 22:08 le 14 mai 2017. Cette pi\u00e8ce est rarement disponible ...<br \/><a href=\"http:\/\/www.lesnumismates.ca\/?p=452\" class=\"_self pt-cv-readmore btn btn-success\" target=\"_self\">Lire la suite<\/a><\/div><\/div><\/div>\n<div class=\"col-md-6 col-sm-6 col-xs-12 pt-cv-content-item pt-cv-1-col\" ><div class='pt-cv-ifield'><a href=\"http:\/\/www.lesnumismates.ca\/?p=341\" class=\"_self pt-cv-href-thumbnail pt-cv-thumb-default\" target=\"_self\" ><img width=\"150\" height=\"150\" src=\"http:\/\/www.lesnumismates.ca\/wp-content\/uploads\/2017\/05\/20b1-150x150.jpg\" class=\"pt-cv-thumbnail\" alt=\"\" loading=\"lazy\" srcset=\"http:\/\/www.lesnumismates.ca\/wp-content\/uploads\/2017\/05\/20b1-150x150.jpg 150w, http:\/\/www.lesnumismates.ca\/wp-content\/uploads\/2017\/05\/20b1-300x300.jpg 300w, http:\/\/www.lesnumismates.ca\/wp-content\/uploads\/2017\/05\/20b1-768x768.jpg 768w, http:\/\/www.lesnumismates.ca\/wp-content\/uploads\/2017\/05\/20b1-1024x1024.jpg 1024w, http:\/\/www.lesnumismates.ca\/wp-content\/uploads\/2017\/05\/20b1-90x90.jpg 90w, http:\/\/www.lesnumismates.ca\/wp-content\/uploads\/2017\/05\/20b1-75x75.jpg 75w\" sizes=\"(max-width: 150px) 100vw, 150px\" \/><\/a>\n<h4 class=\"pt-cv-title\"><a href=\"http:\/\/www.lesnumismates.ca\/?p=341\" class=\"_self\" target=\"_self\" >Guide Compl\u00e9mentaire des Jetons Coloniaux Canadiens, Cinqui\u00e8me Partie<\/a><\/h4>\n<div class=\"pt-cv-content\">Bonjour, nous voici donc \u00e0 explorer encore les diff\u00e9rences entre certaines vari\u00e9t\u00e9s qui ne sont pas bien illustr\u00e9es dans le ...<br \/><a href=\"http:\/\/www.lesnumismates.ca\/?p=341\" class=\"_self pt-cv-readmore btn btn-success\" target=\"_self\">Lire la suite<\/a><\/div><\/div><\/div>\n<div class=\"col-md-6 col-sm-6 col-xs-12 pt-cv-content-item pt-cv-1-col\" ><div class='pt-cv-ifield'><a href=\"http:\/\/www.lesnumismates.ca\/?p=70\" class=\"_self pt-cv-href-thumbnail pt-cv-thumb-default\" target=\"_self\" ><img width=\"150\" height=\"150\" src=\"http:\/\/www.lesnumismates.ca\/wp-content\/uploads\/2016\/01\/LC-35-Charlton-150x150.png\" class=\"pt-cv-thumbnail\" alt=\"\" loading=\"lazy\" srcset=\"http:\/\/www.lesnumismates.ca\/wp-content\/uploads\/2016\/01\/LC-35-Charlton-150x150.png 150w, http:\/\/www.lesnumismates.ca\/wp-content\/uploads\/2016\/01\/LC-35-Charlton-300x300.png 300w, http:\/\/www.lesnumismates.ca\/wp-content\/uploads\/2016\/01\/LC-35-Charlton-768x765.png 768w, http:\/\/www.lesnumismates.ca\/wp-content\/uploads\/2016\/01\/LC-35-Charlton-1024x1020.png 1024w, http:\/\/www.lesnumismates.ca\/wp-content\/uploads\/2016\/01\/LC-35-Charlton-90x90.png 90w, http:\/\/www.lesnumismates.ca\/wp-content\/uploads\/2016\/01\/LC-35-Charlton-75x75.png 75w, http:\/\/www.lesnumismates.ca\/wp-content\/uploads\/2016\/01\/LC-35-Charlton.png 1105w\" sizes=\"(max-width: 150px) 100vw, 150px\" \/><\/a>\n<h4 class=\"pt-cv-title\"><a href=\"http:\/\/www.lesnumismates.ca\/?p=70\" class=\"_self\" target=\"_self\" >LC-35 Avez-vous remarqu\u00e9?<\/a><\/h4>\n<div class=\"pt-cv-content\">Avez-vous d\u00e9j\u00e0 remarqu\u00e9 quelque chose de bizarre sur le dessin du LC-35 dans le Charlton? Pourquoi donc il y a ...<br \/><a href=\"http:\/\/www.lesnumismates.ca\/?p=70\" class=\"_self pt-cv-readmore btn btn-success\" target=\"_self\">Lire la suite<\/a><\/div><\/div><\/div>\n<div class=\"col-md-6 col-sm-6 col-xs-12 pt-cv-content-item pt-cv-1-col\" ><div class='pt-cv-ifield'><a href=\"http:\/\/www.lesnumismates.ca\/?p=372\" class=\"_self pt-cv-href-thumbnail pt-cv-thumb-default\" target=\"_self\" ><img width=\"150\" height=\"150\" src=\"http:\/\/www.lesnumismates.ca\/wp-content\/uploads\/2017\/05\/Guide-4e-thumbnail-150x150.png\" class=\"pt-cv-thumbnail\" alt=\"\" loading=\"lazy\" srcset=\"http:\/\/www.lesnumismates.ca\/wp-content\/uploads\/2017\/05\/Guide-4e-thumbnail-150x150.png 150w, http:\/\/www.lesnumismates.ca\/wp-content\/uploads\/2017\/05\/Guide-4e-thumbnail-90x90.png 90w, http:\/\/www.lesnumismates.ca\/wp-content\/uploads\/2017\/05\/Guide-4e-thumbnail-75x75.png 75w\" sizes=\"(max-width: 150px) 100vw, 150px\" \/><\/a>\n<h4 class=\"pt-cv-title\"><a href=\"http:\/\/www.lesnumismates.ca\/?p=372\" class=\"_self\" target=\"_self\" >Guide Compl\u00e9mentaire des Jetons Coloniaux Canadiens, Quatri\u00e8me Partie<\/a><\/h4>\n<div class=\"pt-cv-content\">Bonjour, nous voici donc \u00e0 explorer encore les diff\u00e9rences entre certaines vari\u00e9t\u00e9s qui ne sont pas bien illustr\u00e9es dans le ...<br \/><a href=\"http:\/\/www.lesnumismates.ca\/?p=372\" class=\"_self pt-cv-readmore btn btn-success\" target=\"_self\">Lire la suite<\/a><\/div><\/div><\/div>\n<div class=\"col-md-6 col-sm-6 col-xs-12 pt-cv-content-item pt-cv-1-col\" ><div class='pt-cv-ifield'><a href=\"http:\/\/www.lesnumismates.ca\/?p=308\" class=\"_self pt-cv-href-thumbnail pt-cv-thumb-default\" target=\"_self\" ><img width=\"150\" height=\"150\" src=\"http:\/\/www.lesnumismates.ca\/wp-content\/uploads\/2017\/02\/Guide-Complementaire-3e-mini-150x150.png\" class=\"pt-cv-thumbnail\" alt=\"\" loading=\"lazy\" srcset=\"http:\/\/www.lesnumismates.ca\/wp-content\/uploads\/2017\/02\/Guide-Complementaire-3e-mini-150x150.png 150w, http:\/\/www.lesnumismates.ca\/wp-content\/uploads\/2017\/02\/Guide-Complementaire-3e-mini-300x300.png 300w, http:\/\/www.lesnumismates.ca\/wp-content\/uploads\/2017\/02\/Guide-Complementaire-3e-mini-90x90.png 90w, http:\/\/www.lesnumismates.ca\/wp-content\/uploads\/2017\/02\/Guide-Complementaire-3e-mini-75x75.png 75w, http:\/\/www.lesnumismates.ca\/wp-content\/uploads\/2017\/02\/Guide-Complementaire-3e-mini.png 389w\" sizes=\"(max-width: 150px) 100vw, 150px\" \/><\/a>\n<h4 class=\"pt-cv-title\"><a href=\"http:\/\/www.lesnumismates.ca\/?p=308\" class=\"_self\" target=\"_self\" >Guide Compl\u00e9mentaire des Jetons Coloniaux Canadiens, Troisi\u00e8me Partie<\/a><\/h4>\n<div class=\"pt-cv-content\">Bonjour, nous voici donc \u00e0 explorer encore les diff\u00e9rences entre certaines vari\u00e9t\u00e9s qui ne sont pas bien illustr\u00e9es dans le ...<br \/><a href=\"http:\/\/www.lesnumismates.ca\/?p=308\" class=\"_self pt-cv-readmore btn btn-success\" target=\"_self\">Lire la suite<\/a><\/div><\/div><\/div>\n<div class=\"col-md-6 col-sm-6 col-xs-12 pt-cv-content-item pt-cv-1-col\" ><div class='pt-cv-ifield'><a href=\"http:\/\/www.lesnumismates.ca\/?p=282\" class=\"_self pt-cv-href-thumbnail pt-cv-thumb-default\" target=\"_self\" ><img width=\"150\" height=\"150\" src=\"http:\/\/www.lesnumismates.ca\/wp-content\/uploads\/2017\/01\/Guide-Complementaire-2e-mini-150x150.png\" class=\"pt-cv-thumbnail\" alt=\"\" loading=\"lazy\" srcset=\"http:\/\/www.lesnumismates.ca\/wp-content\/uploads\/2017\/01\/Guide-Complementaire-2e-mini-150x150.png 150w, http:\/\/www.lesnumismates.ca\/wp-content\/uploads\/2017\/01\/Guide-Complementaire-2e-mini-90x90.png 90w, http:\/\/www.lesnumismates.ca\/wp-content\/uploads\/2017\/01\/Guide-Complementaire-2e-mini-75x75.png 75w\" sizes=\"(max-width: 150px) 100vw, 150px\" \/><\/a>\n<h4 class=\"pt-cv-title\"><a href=\"http:\/\/www.lesnumismates.ca\/?p=282\" class=\"_self\" target=\"_self\" >Guide Compl\u00e9mentaire des Jetons Coloniaux Canadiens, Deuxi\u00e8me Partie<\/a><\/h4>\n<div class=\"pt-cv-content\">Bonjour, nous voici donc \u00e0 explorer encore les diff\u00e9rences entre certaines vari\u00e9t\u00e9s qui ne sont pas bien illustr\u00e9es dans le ...<br \/><a href=\"http:\/\/www.lesnumismates.ca\/?p=282\" class=\"_self pt-cv-readmore btn btn-success\" target=\"_self\">Lire la suite<\/a><\/div><\/div><\/div><\/div><\/div>\n<div class=\" pt-cv-pagination-wrapper\"><ul class=\"pt-cv-pagination pt-cv-ajax pagination\" data-totalpages=\"2\" data-currentpage=\"1\" data-sid=\"28372abvrq\" data-unid=\"\"><li class=\"active\"><a href=\"#\">1<\/a><\/li>\n\t<li ><a class=\"\" href=\"http:\/\/www.lesnumismates.ca\/index.php\/?_page=2&#038;rest_route=%2Fwp%2Fv2%2Fpages%2F548\">2<\/a><\/li>\n\t<li ><a class=\" \" href=\"http:\/\/www.lesnumismates.ca\/index.php\/?_page=2&#038;rest_route=%2Fwp%2Fv2%2Fpages%2F548\">&rsaquo;<\/a><\/li>\n\t<\/ul><img width=\"15\" height=\"15\" class=\"pt-cv-spinner\" alt=\"Loading...\" src=\"data:image\/gif;base64,R0lGODlhDwAPALMPAMrKygwMDJOTkz09PZWVla+vr3p6euTk5M7OzuXl5TMzMwAAAJmZmWZmZszMzP\/\/\/yH\/C05FVFNDQVBFMi4wAwEAAAAh+QQFCgAPACwAAAAADwAPAAAEQvDJaZaZOIcV8iQK8VRX4iTYoAwZ4iCYoAjZ4RxejhVNoT+mRGP4cyF4Pp0N98sBGIBMEMOotl6YZ3S61Bmbkm4mAgAh+QQFCgAPACwAAAAADQANAAAENPDJSRSZeA418itN8QiK8BiLITVsFiyBBIoYqnoewAD4xPw9iY4XLGYSjkQR4UAUD45DLwIAIfkEBQoADwAsAAAAAA8ACQAABC\/wyVlamTi3nSdgwFNdhEJgTJoNyoB9ISYoQmdjiZPcj7EYCAeCF1gEDo4Dz2eIAAAh+QQFCgAPACwCAAAADQANAAAEM\/DJBxiYeLKdX3IJZT1FU0iIg2RNKx3OkZVnZ98ToRD4MyiDnkAh6BkNC0MvsAj0kMpHBAAh+QQFCgAPACwGAAAACQAPAAAEMDC59KpFDll73HkAA2wVY5KgiK5b0RRoI6MuzG6EQqCDMlSGheEhUAgqgUUAFRySIgAh+QQFCgAPACwCAAIADQANAAAEM\/DJKZNLND\/kkKaHc3xk+QAMYDKsiaqmZCxGVjSFFCxB1vwy2oOgIDxuucxAMTAJFAJNBAAh+QQFCgAPACwAAAYADwAJAAAEMNAs86q1yaWwwv2Ig0jUZx3OYa4XoRAfwADXoAwfo1+CIjyFRuEho60aSNYlOPxEAAAh+QQFCgAPACwAAAIADQANAAAENPA9s4y8+IUVcqaWJ4qEQozSoAzoIyhCK2NFU2SJk0hNnyEOhKR2AzAAj4Pj4GE4W0bkJQIAOw==\" \/><div class=\"clear pt-cv-clear-pagination\"><\/div><\/div><\/div>\n","protected":false},"excerpt":{"rendered":"","protected":false},"author":1,"featured_media":1164,"parent":24,"menu_order":0,"comment_status":"closed","ping_status":"closed","template":"","meta":[],"_links":{"self":[{"href":"http:\/\/www.lesnumismates.ca\/index.php?rest_route=\/wp\/v2\/pages\/548"}],"collection":[{"href":"http:\/\/www.lesnumismates.ca\/index.php?rest_route=\/wp\/v2\/pages"}],"about":[{"href":"http:\/\/www.lesnumismates.ca\/index.php?rest_route=\/wp\/v2\/types\/page"}],"author":[{"embeddable":true,"href":"http:\/\/www.lesnumismates.ca\/index.php?rest_route=\/wp\/v2\/users\/1"}],"replies":[{"embeddable":true,"href":"http:\/\/www.lesnumismates.ca\/index.php?rest_route=%2Fwp%2Fv2%2Fcomments&post=548"}],"version-history":[{"count":6,"href":"http:\/\/www.lesnumismates.ca\/index.php?rest_route=\/wp\/v2\/pages\/548\/revisions"}],"predecessor-version":[{"id":645,"href":"http:\/\/www.lesnumismates.ca\/index.php?rest_route=\/wp\/v2\/pages\/548\/revisions\/645"}],"up":[{"embeddable":true,"href":"http:\/\/www.lesnumismates.ca\/index.php?rest_route=\/wp\/v2\/pages\/24"}],"wp:featuredmedia":[{"embeddable":true,"href":"http:\/\/www.lesnumismates.ca\/index.php?rest_route=\/wp\/v2\/media\/1164"}],"wp:attachment":[{"href":"http:\/\/www.lesnumismates.ca\/index.php?rest_route=%2Fwp%2Fv2%2Fmedia&parent=548"}],"curies":[{"name":"wp","href":"https:\/\/api.w.org\/{rel}","templated":true}]}}