{"id":557,"date":"2017-08-28T02:52:47","date_gmt":"2017-08-28T02:52:47","guid":{"rendered":"http:\/\/www.lesnumismates.ca\/?page_id=557"},"modified":"2017-10-13T00:55:00","modified_gmt":"2017-10-13T00:55:00","slug":"monnaie-du-monde","status":"publish","type":"page","link":"http:\/\/www.lesnumismates.ca\/?page_id=557","title":{"rendered":"Monnaie du monde"},"content":{"rendered":"<div class=\"pt-cv-wrapper\"><div class=\"pt-cv-view pt-cv-grid pt-cv-colsys\" id=\"pt-cv-view-24325ebmnc\"><div data-id=\"pt-cv-page-1\" class=\"pt-cv-page\" data-cvc=\"2\"><div class=\"col-md-6 col-sm-6 col-xs-12 pt-cv-content-item pt-cv-1-col\" ><div class='pt-cv-ifield'><a href=\"http:\/\/www.lesnumismates.ca\/?p=2140\" class=\"_self pt-cv-href-thumbnail pt-cv-thumb-default\" target=\"_self\" ><img width=\"150\" height=\"150\" src=\"http:\/\/www.lesnumismates.ca\/wp-content\/uploads\/2020\/05\/Indochine-150x150.jpg\" class=\"pt-cv-thumbnail\" alt=\"\" loading=\"lazy\" srcset=\"http:\/\/www.lesnumismates.ca\/wp-content\/uploads\/2020\/05\/Indochine-150x150.jpg 150w, http:\/\/www.lesnumismates.ca\/wp-content\/uploads\/2020\/05\/Indochine-300x300.jpg 300w, http:\/\/www.lesnumismates.ca\/wp-content\/uploads\/2020\/05\/Indochine-90x90.jpg 90w, http:\/\/www.lesnumismates.ca\/wp-content\/uploads\/2020\/05\/Indochine-75x75.jpg 75w, http:\/\/www.lesnumismates.ca\/wp-content\/uploads\/2020\/05\/Indochine.jpg 401w\" sizes=\"(max-width: 150px) 100vw, 150px\" \/><\/a>\n<h4 class=\"pt-cv-title\"><a href=\"http:\/\/www.lesnumismates.ca\/?p=2140\" class=\"_self\" target=\"_self\" >Le monnayage colonial fran\u00e7ais (La monnaie de l&rsquo;Indochine fran\u00e7aise)<\/a><\/h4>\n<div class=\"pt-cv-content\">L'Indochine fran\u00e7aise (en vietnamien : \u0110\u00f4ng D\u01b0\u01a1ng thu\u1ed9c Ph\u00e1p ou l'Union indochinoise fran\u00e7aise) est une ancienne colonie d'exploitation, cr\u00e9ation de ...<br \/><a href=\"http:\/\/www.lesnumismates.ca\/?p=2140\" class=\"_self pt-cv-readmore btn btn-success\" target=\"_self\">Lire la suite<\/a><\/div><\/div><\/div>\n<div class=\"col-md-6 col-sm-6 col-xs-12 pt-cv-content-item pt-cv-1-col\" ><div class='pt-cv-ifield'><a href=\"http:\/\/www.lesnumismates.ca\/?p=1621\" class=\"_self pt-cv-href-thumbnail pt-cv-thumb-default\" target=\"_self\" ><img width=\"150\" height=\"150\" src=\"http:\/\/www.lesnumismates.ca\/wp-content\/uploads\/2018\/03\/MonnayageCarolingienPetiteImage-150x150.png\" class=\"pt-cv-thumbnail\" alt=\"\" loading=\"lazy\" srcset=\"http:\/\/www.lesnumismates.ca\/wp-content\/uploads\/2018\/03\/MonnayageCarolingienPetiteImage-150x150.png 150w, http:\/\/www.lesnumismates.ca\/wp-content\/uploads\/2018\/03\/MonnayageCarolingienPetiteImage-90x90.png 90w, http:\/\/www.lesnumismates.ca\/wp-content\/uploads\/2018\/03\/MonnayageCarolingienPetiteImage-75x75.png 75w\" sizes=\"(max-width: 150px) 100vw, 150px\" \/><\/a>\n<h4 class=\"pt-cv-title\"><a href=\"http:\/\/www.lesnumismates.ca\/?p=1621\" class=\"_self\" target=\"_self\" >Le monnayage carolingien des Ducs de Normandie<\/a><\/h4>\n<div class=\"pt-cv-content\">Pourquoi et comment les monnaies des Ducs de Normandie ont-elles \u00e9t\u00e9 cr\u00e9\u00e9es? La formation du duch\u00e9 de Normandie Charlemagne meurt ...<br \/><a href=\"http:\/\/www.lesnumismates.ca\/?p=1621\" class=\"_self pt-cv-readmore btn btn-success\" target=\"_self\">Lire la suite<\/a><\/div><\/div><\/div>\n<div class=\"col-md-6 col-sm-6 col-xs-12 pt-cv-content-item pt-cv-1-col\" ><div class='pt-cv-ifield'><a href=\"http:\/\/www.lesnumismates.ca\/?p=1500\" class=\"_self pt-cv-href-thumbnail pt-cv-thumb-default\" target=\"_self\" ><img width=\"150\" height=\"150\" src=\"http:\/\/www.lesnumismates.ca\/wp-content\/uploads\/2017\/12\/Le-Taj-Mahal-Mini-150x150.png\" class=\"pt-cv-thumbnail\" alt=\"\" loading=\"lazy\" srcset=\"http:\/\/www.lesnumismates.ca\/wp-content\/uploads\/2017\/12\/Le-Taj-Mahal-Mini-150x150.png 150w, http:\/\/www.lesnumismates.ca\/wp-content\/uploads\/2017\/12\/Le-Taj-Mahal-Mini-90x90.png 90w, http:\/\/www.lesnumismates.ca\/wp-content\/uploads\/2017\/12\/Le-Taj-Mahal-Mini-75x75.png 75w\" sizes=\"(max-width: 150px) 100vw, 150px\" \/><\/a>\n<h4 class=\"pt-cv-title\"><a href=\"http:\/\/www.lesnumismates.ca\/?p=1500\" class=\"_self\" target=\"_self\" >De la monnaie de l\u2019empereur moghol Shah Jahan aux euros comm\u00e9moratifs du Taj Mahal<\/a><\/h4>\n<div class=\"pt-cv-content\">Square Mohur or, de l\u2019empereur moghol Shah Jahan Roupie du r\u00e8gne de Shah Jahan (1627-1658), le b\u00e2tisseur du Taj Mahal, ...<br \/><a href=\"http:\/\/www.lesnumismates.ca\/?p=1500\" class=\"_self pt-cv-readmore btn btn-success\" target=\"_self\">Lire la suite<\/a><\/div><\/div><\/div>\n<div class=\"col-md-6 col-sm-6 col-xs-12 pt-cv-content-item pt-cv-1-col\" ><div class='pt-cv-ifield'><a href=\"http:\/\/www.lesnumismates.ca\/?p=1760\" class=\"_self pt-cv-href-thumbnail pt-cv-thumb-default\" target=\"_self\" ><img width=\"150\" height=\"150\" src=\"http:\/\/www.lesnumismates.ca\/wp-content\/uploads\/2018\/07\/PondicheryImageAvant-2-150x150.png\" class=\"pt-cv-thumbnail\" alt=\"\" loading=\"lazy\" srcset=\"http:\/\/www.lesnumismates.ca\/wp-content\/uploads\/2018\/07\/PondicheryImageAvant-2-150x150.png 150w, http:\/\/www.lesnumismates.ca\/wp-content\/uploads\/2018\/07\/PondicheryImageAvant-2-90x90.png 90w, http:\/\/www.lesnumismates.ca\/wp-content\/uploads\/2018\/07\/PondicheryImageAvant-2-75x75.png 75w\" sizes=\"(max-width: 150px) 100vw, 150px\" \/><\/a>\n<h4 class=\"pt-cv-title\"><a href=\"http:\/\/www.lesnumismates.ca\/?p=1760\" class=\"_self\" target=\"_self\" >La monnaie des comptoirs de l\u2019Inde fran\u00e7aise (Pondich\u00e9ry)<\/a><\/h4>\n<div class=\"pt-cv-content\">Une puissance coloniale est un Etat qui envoie dans un autre pays, une r\u00e9union de personnes - femmes, hommes et ...<br \/><a href=\"http:\/\/www.lesnumismates.ca\/?p=1760\" class=\"_self pt-cv-readmore btn btn-success\" target=\"_self\">Lire la suite<\/a><\/div><\/div><\/div>\n<div class=\"col-md-6 col-sm-6 col-xs-12 pt-cv-content-item pt-cv-1-col\" ><div class='pt-cv-ifield'><a href=\"http:\/\/www.lesnumismates.ca\/?p=1913\" class=\"_self pt-cv-href-thumbnail pt-cv-thumb-default\" target=\"_self\" ><img width=\"150\" height=\"150\" src=\"http:\/\/www.lesnumismates.ca\/wp-content\/uploads\/2018\/12\/Anne-Marie-Louise-thumb-150x150.png\" class=\"pt-cv-thumbnail\" alt=\"\" loading=\"lazy\" srcset=\"http:\/\/www.lesnumismates.ca\/wp-content\/uploads\/2018\/12\/Anne-Marie-Louise-thumb-150x150.png 150w, http:\/\/www.lesnumismates.ca\/wp-content\/uploads\/2018\/12\/Anne-Marie-Louise-thumb-90x90.png 90w, http:\/\/www.lesnumismates.ca\/wp-content\/uploads\/2018\/12\/Anne-Marie-Louise-thumb-75x75.png 75w\" sizes=\"(max-width: 150px) 100vw, 150px\" \/><\/a>\n<h4 class=\"pt-cv-title\"><a href=\"http:\/\/www.lesnumismates.ca\/?p=1913\" class=\"_self\" target=\"_self\" >Le monnayage de la Grande Mademoiselle, princesse de Dombes et cousine du Roi Soleil<\/a><\/h4>\n<div class=\"pt-cv-content\">ANNE-MARIE LOUISE D\u2019ORLEANS DE BOURBON-MONTPENSIER (1627-1693) : UN PERSONNAGE HAUT EN COULEUR Anne-Marie Louise d\u2019Orl\u00e9ans, plus connue sous le nom ...<br \/><a href=\"http:\/\/www.lesnumismates.ca\/?p=1913\" class=\"_self pt-cv-readmore btn btn-success\" target=\"_self\">Lire la suite<\/a><\/div><\/div><\/div><\/div><\/div><\/div>\n<p>&nbsp;<\/p>\n","protected":false},"excerpt":{"rendered":"<p>&nbsp;<\/p>\n","protected":false},"author":1,"featured_media":1167,"parent":24,"menu_order":0,"comment_status":"closed","ping_status":"closed","template":"","meta":[],"_links":{"self":[{"href":"http:\/\/www.lesnumismates.ca\/index.php?rest_route=\/wp\/v2\/pages\/557"}],"collection":[{"href":"http:\/\/www.lesnumismates.ca\/index.php?rest_route=\/wp\/v2\/pages"}],"about":[{"href":"http:\/\/www.lesnumismates.ca\/index.php?rest_route=\/wp\/v2\/types\/page"}],"author":[{"embeddable":true,"href":"http:\/\/www.lesnumismates.ca\/index.php?rest_route=\/wp\/v2\/users\/1"}],"replies":[{"embeddable":true,"href":"http:\/\/www.lesnumismates.ca\/index.php?rest_route=%2Fwp%2Fv2%2Fcomments&post=557"}],"version-history":[{"count":5,"href":"http:\/\/www.lesnumismates.ca\/index.php?rest_route=\/wp\/v2\/pages\/557\/revisions"}],"predecessor-version":[{"id":675,"href":"http:\/\/www.lesnumismates.ca\/index.php?rest_route=\/wp\/v2\/pages\/557\/revisions\/675"}],"up":[{"embeddable":true,"href":"http:\/\/www.lesnumismates.ca\/index.php?rest_route=\/wp\/v2\/pages\/24"}],"wp:featuredmedia":[{"embeddable":true,"href":"http:\/\/www.lesnumismates.ca\/index.php?rest_route=\/wp\/v2\/media\/1167"}],"wp:attachment":[{"href":"http:\/\/www.lesnumismates.ca\/index.php?rest_route=%2Fwp%2Fv2%2Fmedia&parent=557"}],"curies":[{"name":"wp","href":"https:\/\/api.w.org\/{rel}","templated":true}]}}