{"id":561,"date":"2017-08-28T02:53:23","date_gmt":"2017-08-28T02:53:23","guid":{"rendered":"http:\/\/www.lesnumismates.ca\/?page_id=561"},"modified":"2017-10-13T00:55:24","modified_gmt":"2017-10-13T00:55:24","slug":"varies","status":"publish","type":"page","link":"http:\/\/www.lesnumismates.ca\/?page_id=561","title":{"rendered":"Vari\u00e9s"},"content":{"rendered":"<div class=\"pt-cv-wrapper\"><div class=\"pt-cv-view pt-cv-grid pt-cv-colsys\" id=\"pt-cv-view-c5e0508a95\"><div data-id=\"pt-cv-page-1\" class=\"pt-cv-page\" data-cvc=\"2\"><div class=\"col-md-6 col-sm-6 col-xs-12 pt-cv-content-item pt-cv-1-col\" ><div class='pt-cv-ifield'><a href=\"http:\/\/www.lesnumismates.ca\/?p=2199\" class=\"_self pt-cv-href-thumbnail pt-cv-thumb-default\" target=\"_self\" ><img width=\"150\" height=\"150\" src=\"http:\/\/www.lesnumismates.ca\/wp-content\/uploads\/2021\/04\/9-Faux-Anchor-money-1822-150x150.png\" class=\"pt-cv-thumbnail\" alt=\"\" loading=\"lazy\" srcset=\"http:\/\/www.lesnumismates.ca\/wp-content\/uploads\/2021\/04\/9-Faux-Anchor-money-1822-150x150.png 150w, http:\/\/www.lesnumismates.ca\/wp-content\/uploads\/2021\/04\/9-Faux-Anchor-money-1822-90x90.png 90w, http:\/\/www.lesnumismates.ca\/wp-content\/uploads\/2021\/04\/9-Faux-Anchor-money-1822-75x75.png 75w\" sizes=\"(max-width: 150px) 100vw, 150px\" \/><\/a>\n<h4 class=\"pt-cv-title\"><a href=\"http:\/\/www.lesnumismates.ca\/?p=2199\" class=\"_self\" target=\"_self\" >Des fausses pi\u00e8ces \u00e0 profusion!<\/a><\/h4>\n<div class=\"pt-cv-content\">Depuis que je vous ai pr\u00e9sent\u00e9 un article (Jeton colonial contrefait (PC-4)) sur des fausses pi\u00e8ces de jetons coloniaux canadiens, ...<br \/><a href=\"http:\/\/www.lesnumismates.ca\/?p=2199\" class=\"_self pt-cv-readmore btn btn-success\" target=\"_self\">Lire la suite<\/a><\/div><\/div><\/div>\n<div class=\"col-md-6 col-sm-6 col-xs-12 pt-cv-content-item pt-cv-1-col\" ><div class='pt-cv-ifield'><a href=\"http:\/\/www.lesnumismates.ca\/?p=2167\" class=\"_self pt-cv-href-thumbnail pt-cv-thumb-default\" target=\"_self\" ><img width=\"150\" height=\"150\" src=\"http:\/\/www.lesnumismates.ca\/wp-content\/uploads\/2020\/11\/Image2-150x150.png\" class=\"pt-cv-thumbnail\" alt=\"\" loading=\"lazy\" srcset=\"http:\/\/www.lesnumismates.ca\/wp-content\/uploads\/2020\/11\/Image2-150x150.png 150w, http:\/\/www.lesnumismates.ca\/wp-content\/uploads\/2020\/11\/Image2-90x90.png 90w, http:\/\/www.lesnumismates.ca\/wp-content\/uploads\/2020\/11\/Image2-75x75.png 75w\" sizes=\"(max-width: 150px) 100vw, 150px\" \/><\/a>\n<h4 class=\"pt-cv-title\"><a href=\"http:\/\/www.lesnumismates.ca\/?p=2167\" class=\"_self\" target=\"_self\" >Le tr\u00e9sor in\u00e9dit de l\u2019abbaye de Cluny<\/a><\/h4>\n<div class=\"pt-cv-content\">Une campagne de fouilles arch\u00e9ologiques, qui s\u2019est d\u00e9roul\u00e9e dans l\u2019abbaye de Cluny durant l\u2019automne 2017, a donn\u00e9 lieu \u00e0 la ...<br \/><a href=\"http:\/\/www.lesnumismates.ca\/?p=2167\" class=\"_self pt-cv-readmore btn btn-success\" target=\"_self\">Lire la suite<\/a><\/div><\/div><\/div>\n<div class=\"col-md-6 col-sm-6 col-xs-12 pt-cv-content-item pt-cv-1-col\" ><div class='pt-cv-ifield'><a href=\"http:\/\/www.lesnumismates.ca\/?p=801\" class=\"_self pt-cv-href-thumbnail pt-cv-thumb-default\" target=\"_self\" ><img width=\"150\" height=\"150\" src=\"http:\/\/www.lesnumismates.ca\/wp-content\/uploads\/2017\/09\/jetons-de-lait-mini-150x150.png\" class=\"pt-cv-thumbnail\" alt=\"\" loading=\"lazy\" srcset=\"http:\/\/www.lesnumismates.ca\/wp-content\/uploads\/2017\/09\/jetons-de-lait-mini-150x150.png 150w, http:\/\/www.lesnumismates.ca\/wp-content\/uploads\/2017\/09\/jetons-de-lait-mini-90x90.png 90w, http:\/\/www.lesnumismates.ca\/wp-content\/uploads\/2017\/09\/jetons-de-lait-mini-75x75.png 75w\" sizes=\"(max-width: 150px) 100vw, 150px\" \/><\/a>\n<h4 class=\"pt-cv-title\"><a href=\"http:\/\/www.lesnumismates.ca\/?p=801\" class=\"_self\" target=\"_self\" >Jetons de lait du QU\u00c9BEC QUEBEC Dairy Tokens<\/a><\/h4>\n<div class=\"pt-cv-content\">Le catalogue Jetons de lait du QU\u00c9BEC Dairy Tokens (Robert Benoit, Pierre Brouillette, Yvon Marquis \/ Les \u00c9ditions Numispro) mis ...<br \/><a href=\"http:\/\/www.lesnumismates.ca\/?p=801\" class=\"_self pt-cv-readmore btn btn-success\" target=\"_self\">Lire la suite<\/a><\/div><\/div><\/div>\n<div class=\"col-md-6 col-sm-6 col-xs-12 pt-cv-content-item pt-cv-1-col\" ><div class='pt-cv-ifield'><a href=\"http:\/\/www.lesnumismates.ca\/?p=860\" class=\"_self pt-cv-href-thumbnail pt-cv-thumb-default\" target=\"_self\" ><img width=\"150\" height=\"150\" src=\"http:\/\/www.lesnumismates.ca\/wp-content\/uploads\/2017\/09\/monnayage_colonial_francais_imageMini1-150x150.png\" class=\"pt-cv-thumbnail\" alt=\"\" loading=\"lazy\" srcset=\"http:\/\/www.lesnumismates.ca\/wp-content\/uploads\/2017\/09\/monnayage_colonial_francais_imageMini1-150x150.png 150w, http:\/\/www.lesnumismates.ca\/wp-content\/uploads\/2017\/09\/monnayage_colonial_francais_imageMini1-90x90.png 90w, http:\/\/www.lesnumismates.ca\/wp-content\/uploads\/2017\/09\/monnayage_colonial_francais_imageMini1-75x75.png 75w\" sizes=\"(max-width: 150px) 100vw, 150px\" \/><\/a>\n<h4 class=\"pt-cv-title\"><a href=\"http:\/\/www.lesnumismates.ca\/?p=860\" class=\"_self\" target=\"_self\" >Le monnayage colonial fran\u00e7ais<\/a><\/h4>\n<div class=\"pt-cv-content\">Le monnayage atypique de la Nouvelle-France L\u2019histoire coloniale de l'Am\u00e9rique commence peu apr\u00e8s la d\u00e9couverte du Nouveau Monde par les ...<br \/><a href=\"http:\/\/www.lesnumismates.ca\/?p=860\" class=\"_self pt-cv-readmore btn btn-success\" target=\"_self\">Lire la suite<\/a><\/div><\/div><\/div>\n<div class=\"col-md-6 col-sm-6 col-xs-12 pt-cv-content-item pt-cv-1-col\" ><div class='pt-cv-ifield'><a href=\"http:\/\/www.lesnumismates.ca\/?p=2093\" class=\"_self pt-cv-href-thumbnail pt-cv-thumb-default\" target=\"_self\" ><img width=\"150\" height=\"150\" src=\"http:\/\/www.lesnumismates.ca\/wp-content\/uploads\/2019\/09\/HenryVImageAvant-150x150.png\" class=\"pt-cv-thumbnail\" alt=\"\" loading=\"lazy\" srcset=\"http:\/\/www.lesnumismates.ca\/wp-content\/uploads\/2019\/09\/HenryVImageAvant-150x150.png 150w, http:\/\/www.lesnumismates.ca\/wp-content\/uploads\/2019\/09\/HenryVImageAvant-90x90.png 90w, http:\/\/www.lesnumismates.ca\/wp-content\/uploads\/2019\/09\/HenryVImageAvant-75x75.png 75w\" sizes=\"(max-width: 150px) 100vw, 150px\" \/><\/a>\n<h4 class=\"pt-cv-title\"><a href=\"http:\/\/www.lesnumismates.ca\/?p=2093\" class=\"_self\" target=\"_self\" >Le monnayage d\u2019Henri V, comte de Chambord,  dernier-roi de la Maison de France<\/a><\/h4>\n<div class=\"pt-cv-content\">Le comte de Chambord fut sous le nom d\u2019Henri V le pr\u00e9tendant l\u00e9gitime au tr\u00f4ne de France. Ce roi malchanceux ...<br \/><a href=\"http:\/\/www.lesnumismates.ca\/?p=2093\" class=\"_self pt-cv-readmore btn btn-success\" target=\"_self\">Lire la suite<\/a><\/div><\/div><\/div>\n<div class=\"col-md-6 col-sm-6 col-xs-12 pt-cv-content-item pt-cv-1-col\" ><div class='pt-cv-ifield'><a href=\"http:\/\/www.lesnumismates.ca\/?p=406\" class=\"_self pt-cv-href-thumbnail pt-cv-thumb-default\" target=\"_self\" ><img width=\"150\" height=\"150\" src=\"http:\/\/www.lesnumismates.ca\/wp-content\/uploads\/2017\/08\/Louis-Hebert-a-la-une-150x150.png\" class=\"pt-cv-thumbnail\" alt=\"\" loading=\"lazy\" srcset=\"http:\/\/www.lesnumismates.ca\/wp-content\/uploads\/2017\/08\/Louis-Hebert-a-la-une-150x150.png 150w, http:\/\/www.lesnumismates.ca\/wp-content\/uploads\/2017\/08\/Louis-Hebert-a-la-une-300x300.png 300w, http:\/\/www.lesnumismates.ca\/wp-content\/uploads\/2017\/08\/Louis-Hebert-a-la-une-90x90.png 90w, http:\/\/www.lesnumismates.ca\/wp-content\/uploads\/2017\/08\/Louis-Hebert-a-la-une-75x75.png 75w, http:\/\/www.lesnumismates.ca\/wp-content\/uploads\/2017\/08\/Louis-Hebert-a-la-une.png 404w\" sizes=\"(max-width: 150px) 100vw, 150px\" \/><\/a>\n<h4 class=\"pt-cv-title\"><a href=\"http:\/\/www.lesnumismates.ca\/?p=406\" class=\"_self\" target=\"_self\" >Louis H\u00e9bert<\/a><\/h4>\n<div class=\"pt-cv-content\">\u00c9tant un collectionneur compulsif et un fan de l\u2019histoire de notre belle ville de Qu\u00e9bec, je ne pu m\u2019emp\u00eacher de ...<br \/><a href=\"http:\/\/www.lesnumismates.ca\/?p=406\" class=\"_self pt-cv-readmore btn btn-success\" target=\"_self\">Lire la suite<\/a><\/div><\/div><\/div>\n<div class=\"col-md-6 col-sm-6 col-xs-12 pt-cv-content-item pt-cv-1-col\" ><div class='pt-cv-ifield'><a href=\"http:\/\/www.lesnumismates.ca\/?p=70\" class=\"_self pt-cv-href-thumbnail pt-cv-thumb-default\" target=\"_self\" ><img width=\"150\" height=\"150\" src=\"http:\/\/www.lesnumismates.ca\/wp-content\/uploads\/2016\/01\/LC-35-Charlton-150x150.png\" class=\"pt-cv-thumbnail\" alt=\"\" loading=\"lazy\" srcset=\"http:\/\/www.lesnumismates.ca\/wp-content\/uploads\/2016\/01\/LC-35-Charlton-150x150.png 150w, http:\/\/www.lesnumismates.ca\/wp-content\/uploads\/2016\/01\/LC-35-Charlton-300x300.png 300w, http:\/\/www.lesnumismates.ca\/wp-content\/uploads\/2016\/01\/LC-35-Charlton-768x765.png 768w, http:\/\/www.lesnumismates.ca\/wp-content\/uploads\/2016\/01\/LC-35-Charlton-1024x1020.png 1024w, http:\/\/www.lesnumismates.ca\/wp-content\/uploads\/2016\/01\/LC-35-Charlton-90x90.png 90w, http:\/\/www.lesnumismates.ca\/wp-content\/uploads\/2016\/01\/LC-35-Charlton-75x75.png 75w, http:\/\/www.lesnumismates.ca\/wp-content\/uploads\/2016\/01\/LC-35-Charlton.png 1105w\" sizes=\"(max-width: 150px) 100vw, 150px\" \/><\/a>\n<h4 class=\"pt-cv-title\"><a href=\"http:\/\/www.lesnumismates.ca\/?p=70\" class=\"_self\" target=\"_self\" >LC-35 Avez-vous remarqu\u00e9?<\/a><\/h4>\n<div class=\"pt-cv-content\">Avez-vous d\u00e9j\u00e0 remarqu\u00e9 quelque chose de bizarre sur le dessin du LC-35 dans le Charlton? Pourquoi donc il y a ...<br \/><a href=\"http:\/\/www.lesnumismates.ca\/?p=70\" class=\"_self pt-cv-readmore btn btn-success\" target=\"_self\">Lire la suite<\/a><\/div><\/div><\/div>\n<div class=\"col-md-6 col-sm-6 col-xs-12 pt-cv-content-item pt-cv-1-col\" ><div class='pt-cv-ifield'><a href=\"http:\/\/www.lesnumismates.ca\/?p=793\" class=\"_self pt-cv-href-thumbnail pt-cv-thumb-default\" target=\"_self\" ><img width=\"150\" height=\"150\" src=\"http:\/\/www.lesnumismates.ca\/wp-content\/uploads\/2017\/09\/FetesNouvelleFranceMini-150x150.png\" class=\"pt-cv-thumbnail\" alt=\"\" loading=\"lazy\" srcset=\"http:\/\/www.lesnumismates.ca\/wp-content\/uploads\/2017\/09\/FetesNouvelleFranceMini-150x150.png 150w, http:\/\/www.lesnumismates.ca\/wp-content\/uploads\/2017\/09\/FetesNouvelleFranceMini-90x90.png 90w, http:\/\/www.lesnumismates.ca\/wp-content\/uploads\/2017\/09\/FetesNouvelleFranceMini-75x75.png 75w\" sizes=\"(max-width: 150px) 100vw, 150px\" \/><\/a>\n<h4 class=\"pt-cv-title\"><a href=\"http:\/\/www.lesnumismates.ca\/?p=793\" class=\"_self\" target=\"_self\" >Le m\u00e9daillon 2017 des F\u00eates de la Nouvelle-France<\/a><\/h4>\n<div class=\"pt-cv-content\">Les F\u00eates de la Nouvelle-France qui ont eu lieu du 9 au 13 ao\u00fbt dans le Vieux Qu\u00e9bec, viennent tout ...<br \/><a href=\"http:\/\/www.lesnumismates.ca\/?p=793\" class=\"_self pt-cv-readmore btn btn-success\" target=\"_self\">Lire la suite<\/a><\/div><\/div><\/div>\n<div class=\"col-md-6 col-sm-6 col-xs-12 pt-cv-content-item pt-cv-1-col\" ><div class='pt-cv-ifield'><a href=\"http:\/\/www.lesnumismates.ca\/?p=1393\" class=\"_self pt-cv-href-thumbnail pt-cv-thumb-default\" target=\"_self\" ><img width=\"124\" height=\"150\" src=\"http:\/\/www.lesnumismates.ca\/wp-content\/uploads\/2017\/11\/regalia-mini-124x150.png\" class=\"pt-cv-thumbnail\" alt=\"\" loading=\"lazy\" \/><\/a>\n<h4 class=\"pt-cv-title\"><a href=\"http:\/\/www.lesnumismates.ca\/?p=1393\" class=\"_self\" target=\"_self\" >Pr\u00e9ambule aux articles des all\u00e9gories<\/a><\/h4>\n<div class=\"pt-cv-content\">Voici une s\u00e9rie d'article traitant du constructivisme social, soit la cr\u00e9ation\/l\u2019incorporation d\u2019\u00e9l\u00e9ments non culturels regroup\u00e9s ensemble pour former une nouvelle ...<br \/><a href=\"http:\/\/www.lesnumismates.ca\/?p=1393\" class=\"_self pt-cv-readmore btn btn-success\" target=\"_self\">Lire la suite<\/a><\/div><\/div><\/div>\n<div class=\"col-md-6 col-sm-6 col-xs-12 pt-cv-content-item pt-cv-1-col\" ><div class='pt-cv-ifield'><a href=\"http:\/\/www.lesnumismates.ca\/?p=1992\" class=\"_self pt-cv-href-thumbnail pt-cv-thumb-default\" target=\"_self\" ><img width=\"150\" height=\"150\" src=\"http:\/\/www.lesnumismates.ca\/wp-content\/uploads\/2019\/04\/CoursCorrespondanceANRCPartie2-150x150.png\" class=\"pt-cv-thumbnail\" alt=\"\" loading=\"lazy\" srcset=\"http:\/\/www.lesnumismates.ca\/wp-content\/uploads\/2019\/04\/CoursCorrespondanceANRCPartie2-150x150.png 150w, http:\/\/www.lesnumismates.ca\/wp-content\/uploads\/2019\/04\/CoursCorrespondanceANRCPartie2-90x90.png 90w, http:\/\/www.lesnumismates.ca\/wp-content\/uploads\/2019\/04\/CoursCorrespondanceANRCPartie2-75x75.png 75w\" sizes=\"(max-width: 150px) 100vw, 150px\" \/><\/a>\n<h4 class=\"pt-cv-title\"><a href=\"http:\/\/www.lesnumismates.ca\/?p=1992\" class=\"_self\" target=\"_self\" >Lancement de la version en fran\u00e7ais  du Cours par Correspondance sur la Numismatique Canadienne &#8211; Partie II<\/a><\/h4>\n<div class=\"pt-cv-content\">Tel qu\u2019annonc\u00e9 il y a quelques mois, la version francophone du cours par correspondance sur la numismatique canadienne a \u00e9t\u00e9 ...<br \/><a href=\"http:\/\/www.lesnumismates.ca\/?p=1992\" class=\"_self pt-cv-readmore btn btn-success\" target=\"_self\">Lire la suite<\/a><\/div><\/div><\/div><\/div><\/div>\n<div class=\" pt-cv-pagination-wrapper\"><ul class=\"pt-cv-pagination pt-cv-ajax pagination\" data-totalpages=\"3\" data-currentpage=\"1\" data-sid=\"c5e0508a95\" data-unid=\"\"><li class=\"active\"><a href=\"#\">1<\/a><\/li>\n\t<li ><a class=\"\" href=\"http:\/\/www.lesnumismates.ca\/index.php\/?_page=2&#038;rest_route=%2Fwp%2Fv2%2Fpages%2F561\">2<\/a><\/li>\n\t<li ><a class=\"\" href=\"http:\/\/www.lesnumismates.ca\/index.php\/?_page=3&#038;rest_route=%2Fwp%2Fv2%2Fpages%2F561\">3<\/a><\/li>\n\t<li ><a class=\" \" href=\"http:\/\/www.lesnumismates.ca\/index.php\/?_page=2&#038;rest_route=%2Fwp%2Fv2%2Fpages%2F561\">&rsaquo;<\/a><\/li>\n\t<\/ul><img width=\"15\" height=\"15\" class=\"pt-cv-spinner\" alt=\"Loading...\" src=\"data:image\/gif;base64,R0lGODlhDwAPALMPAMrKygwMDJOTkz09PZWVla+vr3p6euTk5M7OzuXl5TMzMwAAAJmZmWZmZszMzP\/\/\/yH\/C05FVFNDQVBFMi4wAwEAAAAh+QQFCgAPACwAAAAADwAPAAAEQvDJaZaZOIcV8iQK8VRX4iTYoAwZ4iCYoAjZ4RxejhVNoT+mRGP4cyF4Pp0N98sBGIBMEMOotl6YZ3S61Bmbkm4mAgAh+QQFCgAPACwAAAAADQANAAAENPDJSRSZeA418itN8QiK8BiLITVsFiyBBIoYqnoewAD4xPw9iY4XLGYSjkQR4UAUD45DLwIAIfkEBQoADwAsAAAAAA8ACQAABC\/wyVlamTi3nSdgwFNdhEJgTJoNyoB9ISYoQmdjiZPcj7EYCAeCF1gEDo4Dz2eIAAAh+QQFCgAPACwCAAAADQANAAAEM\/DJBxiYeLKdX3IJZT1FU0iIg2RNKx3OkZVnZ98ToRD4MyiDnkAh6BkNC0MvsAj0kMpHBAAh+QQFCgAPACwGAAAACQAPAAAEMDC59KpFDll73HkAA2wVY5KgiK5b0RRoI6MuzG6EQqCDMlSGheEhUAgqgUUAFRySIgAh+QQFCgAPACwCAAIADQANAAAEM\/DJKZNLND\/kkKaHc3xk+QAMYDKsiaqmZCxGVjSFFCxB1vwy2oOgIDxuucxAMTAJFAJNBAAh+QQFCgAPACwAAAYADwAJAAAEMNAs86q1yaWwwv2Ig0jUZx3OYa4XoRAfwADXoAwfo1+CIjyFRuEho60aSNYlOPxEAAAh+QQFCgAPACwAAAIADQANAAAENPA9s4y8+IUVcqaWJ4qEQozSoAzoIyhCK2NFU2SJk0hNnyEOhKR2AzAAj4Pj4GE4W0bkJQIAOw==\" \/><div class=\"clear pt-cv-clear-pagination\"><\/div><\/div><\/div>\n<p>&nbsp;<\/p>\n","protected":false},"excerpt":{"rendered":"<p>&nbsp;<\/p>\n","protected":false},"author":1,"featured_media":1161,"parent":24,"menu_order":0,"comment_status":"closed","ping_status":"closed","template":"","meta":[],"_links":{"self":[{"href":"http:\/\/www.lesnumismates.ca\/index.php?rest_route=\/wp\/v2\/pages\/561"}],"collection":[{"href":"http:\/\/www.lesnumismates.ca\/index.php?rest_route=\/wp\/v2\/pages"}],"about":[{"href":"http:\/\/www.lesnumismates.ca\/index.php?rest_route=\/wp\/v2\/types\/page"}],"author":[{"embeddable":true,"href":"http:\/\/www.lesnumismates.ca\/index.php?rest_route=\/wp\/v2\/users\/1"}],"replies":[{"embeddable":true,"href":"http:\/\/www.lesnumismates.ca\/index.php?rest_route=%2Fwp%2Fv2%2Fcomments&post=561"}],"version-history":[{"count":7,"href":"http:\/\/www.lesnumismates.ca\/index.php?rest_route=\/wp\/v2\/pages\/561\/revisions"}],"predecessor-version":[{"id":677,"href":"http:\/\/www.lesnumismates.ca\/index.php?rest_route=\/wp\/v2\/pages\/561\/revisions\/677"}],"up":[{"embeddable":true,"href":"http:\/\/www.lesnumismates.ca\/index.php?rest_route=\/wp\/v2\/pages\/24"}],"wp:featuredmedia":[{"embeddable":true,"href":"http:\/\/www.lesnumismates.ca\/index.php?rest_route=\/wp\/v2\/media\/1161"}],"wp:attachment":[{"href":"http:\/\/www.lesnumismates.ca\/index.php?rest_route=%2Fwp%2Fv2%2Fmedia&parent=561"}],"curies":[{"name":"wp","href":"https:\/\/api.w.org\/{rel}","templated":true}]}}