{"id":728,"date":"2017-09-03T20:31:17","date_gmt":"2017-09-03T20:31:17","guid":{"rendered":"http:\/\/www.lesnumismates.ca\/?page_id=728"},"modified":"2017-10-13T01:30:04","modified_gmt":"2017-10-13T01:30:04","slug":"yvon-marquis","status":"publish","type":"page","link":"http:\/\/www.lesnumismates.ca\/?page_id=728","title":{"rendered":"Yvon Marquis"},"content":{"rendered":"<h3><img loading=\"lazy\" class=\"alignnone wp-image-1219\" src=\"http:\/\/www.lesnumismates.ca\/wp-content\/uploads\/2017\/09\/yvon-mini-v2.png\" alt=\"\" width=\"172\" height=\"190\" \/><\/h3>\n<h3>Articles de Yvon<\/h3>\n<p>&nbsp;<\/p>\n<div class=\"pt-cv-wrapper\"><div class=\"pt-cv-view pt-cv-grid pt-cv-colsys\" id=\"pt-cv-view-715be1f2so\"><div data-id=\"pt-cv-page-1\" class=\"pt-cv-page\" data-cvc=\"2\"><div class=\"col-md-6 col-sm-6 col-xs-12 pt-cv-content-item pt-cv-1-col\" ><div class='pt-cv-ifield'><a href=\"http:\/\/www.lesnumismates.ca\/?p=1992\" class=\"_self pt-cv-href-thumbnail pt-cv-thumb-default\" target=\"_self\" ><img width=\"150\" height=\"150\" src=\"http:\/\/www.lesnumismates.ca\/wp-content\/uploads\/2019\/04\/CoursCorrespondanceANRCPartie2-150x150.png\" class=\"pt-cv-thumbnail\" alt=\"\" loading=\"lazy\" srcset=\"http:\/\/www.lesnumismates.ca\/wp-content\/uploads\/2019\/04\/CoursCorrespondanceANRCPartie2-150x150.png 150w, http:\/\/www.lesnumismates.ca\/wp-content\/uploads\/2019\/04\/CoursCorrespondanceANRCPartie2-90x90.png 90w, http:\/\/www.lesnumismates.ca\/wp-content\/uploads\/2019\/04\/CoursCorrespondanceANRCPartie2-75x75.png 75w\" sizes=\"(max-width: 150px) 100vw, 150px\" \/><\/a>\n<h4 class=\"pt-cv-title\"><a href=\"http:\/\/www.lesnumismates.ca\/?p=1992\" class=\"_self\" target=\"_self\" >Lancement de la version en fran\u00e7ais  du Cours par Correspondance sur la Numismatique Canadienne &#8211; Partie II<\/a><\/h4>\n<div class=\"pt-cv-content\">Tel qu\u2019annonc\u00e9 il y a quelques mois, la version francophone du cours par correspondance sur la numismatique canadienne a \u00e9t\u00e9 ...<br \/><a href=\"http:\/\/www.lesnumismates.ca\/?p=1992\" class=\"_self pt-cv-readmore btn btn-success\" target=\"_self\">Lire la suite<\/a><\/div><\/div><\/div>\n<div class=\"col-md-6 col-sm-6 col-xs-12 pt-cv-content-item pt-cv-1-col\" ><div class='pt-cv-ifield'><a href=\"http:\/\/www.lesnumismates.ca\/?p=772\" class=\"_self pt-cv-href-thumbnail pt-cv-thumb-default\" target=\"_self\" ><img width=\"150\" height=\"150\" src=\"http:\/\/www.lesnumismates.ca\/wp-content\/uploads\/2017\/09\/canada-150-mini-150x150.png\" class=\"pt-cv-thumbnail\" alt=\"\" loading=\"lazy\" srcset=\"http:\/\/www.lesnumismates.ca\/wp-content\/uploads\/2017\/09\/canada-150-mini-150x150.png 150w, http:\/\/www.lesnumismates.ca\/wp-content\/uploads\/2017\/09\/canada-150-mini-90x90.png 90w, http:\/\/www.lesnumismates.ca\/wp-content\/uploads\/2017\/09\/canada-150-mini-75x75.png 75w\" sizes=\"(max-width: 150px) 100vw, 150px\" \/><\/a>\n<h4 class=\"pt-cv-title\"><a href=\"http:\/\/www.lesnumismates.ca\/?p=772\" class=\"_self\" target=\"_self\" >Cinq organismes numismatiques du Qu\u00e9bec se r\u00e9unissent pour comm\u00e9morer CANADA 150<\/a><\/h4>\n<div class=\"pt-cv-content\">Un collectionneur qu\u00e9b\u00e9cois a d\u00e9cid\u00e9 de faire produire une m\u00e9daille comm\u00e9morative pour souligner le 150e anniversaire de la Conf\u00e9d\u00e9ration canadienne ...<br \/><a href=\"http:\/\/www.lesnumismates.ca\/?p=772\" class=\"_self pt-cv-readmore btn btn-success\" target=\"_self\">Lire la suite<\/a><\/div><\/div><\/div>\n<div class=\"col-md-6 col-sm-6 col-xs-12 pt-cv-content-item pt-cv-1-col\" ><div class='pt-cv-ifield'><a href=\"http:\/\/www.lesnumismates.ca\/?p=748\" class=\"_self pt-cv-href-thumbnail pt-cv-thumb-default\" target=\"_self\" ><img width=\"150\" height=\"150\" src=\"http:\/\/www.lesnumismates.ca\/wp-content\/uploads\/2017\/09\/150-pont-rouge-150-150x150.png\" class=\"pt-cv-thumbnail\" alt=\"\" loading=\"lazy\" srcset=\"http:\/\/www.lesnumismates.ca\/wp-content\/uploads\/2017\/09\/150-pont-rouge-150-150x150.png 150w, http:\/\/www.lesnumismates.ca\/wp-content\/uploads\/2017\/09\/150-pont-rouge-150-90x90.png 90w, http:\/\/www.lesnumismates.ca\/wp-content\/uploads\/2017\/09\/150-pont-rouge-150-75x75.png 75w\" sizes=\"(max-width: 150px) 100vw, 150px\" \/><\/a>\n<h4 class=\"pt-cv-title\"><a href=\"http:\/\/www.lesnumismates.ca\/?p=748\" class=\"_self\" target=\"_self\" >Deux tr\u00e8s belles m\u00e9dailles pour le 150e  anniversaire de Pont-Rouge<\/a><\/h4>\n<div class=\"pt-cv-content\">La ville de Pont-Rouge (Portneuf) c\u00e9l\u00e8bre en 2017 son 150e anniversaire de fondation. Pour souligner l\u2019\u00e9v\u00e9nement le Comit\u00e9 en charge ...<br \/><a href=\"http:\/\/www.lesnumismates.ca\/?p=748\" class=\"_self pt-cv-readmore btn btn-success\" target=\"_self\">Lire la suite<\/a><\/div><\/div><\/div>\n<div class=\"col-md-6 col-sm-6 col-xs-12 pt-cv-content-item pt-cv-1-col\" ><div class='pt-cv-ifield'><a href=\"http:\/\/www.lesnumismates.ca\/?p=736\" class=\"_self pt-cv-href-thumbnail pt-cv-thumb-default\" target=\"_self\" ><img width=\"150\" height=\"150\" src=\"http:\/\/www.lesnumismates.ca\/wp-content\/uploads\/2017\/09\/jeton-175-st-raymond-mini-150x150.png\" class=\"pt-cv-thumbnail\" alt=\"\" loading=\"lazy\" srcset=\"http:\/\/www.lesnumismates.ca\/wp-content\/uploads\/2017\/09\/jeton-175-st-raymond-mini-150x150.png 150w, http:\/\/www.lesnumismates.ca\/wp-content\/uploads\/2017\/09\/jeton-175-st-raymond-mini-90x90.png 90w, http:\/\/www.lesnumismates.ca\/wp-content\/uploads\/2017\/09\/jeton-175-st-raymond-mini-75x75.png 75w\" sizes=\"(max-width: 150px) 100vw, 150px\" \/><\/a>\n<h4 class=\"pt-cv-title\"><a href=\"http:\/\/www.lesnumismates.ca\/?p=736\" class=\"_self\" target=\"_self\" >Magnifique jeton pour le 175e  anniversaire de Saint-Raymond<\/a><\/h4>\n<div class=\"pt-cv-content\">La ville de Saint-Raymond (Portneuf) c\u00e9l\u00e8bre en 2017 son 175e anniversaire de fondation. Pour souligner l\u2019\u00e9v\u00e9nement le Club de philat\u00e9lie ...<br \/><a href=\"http:\/\/www.lesnumismates.ca\/?p=736\" class=\"_self pt-cv-readmore btn btn-success\" target=\"_self\">Lire la suite<\/a><\/div><\/div><\/div>\n<div class=\"col-md-6 col-sm-6 col-xs-12 pt-cv-content-item pt-cv-1-col\" ><div class='pt-cv-ifield'><a href=\"http:\/\/www.lesnumismates.ca\/?p=801\" class=\"_self pt-cv-href-thumbnail pt-cv-thumb-default\" target=\"_self\" ><img width=\"150\" height=\"150\" src=\"http:\/\/www.lesnumismates.ca\/wp-content\/uploads\/2017\/09\/jetons-de-lait-mini-150x150.png\" class=\"pt-cv-thumbnail\" alt=\"\" loading=\"lazy\" srcset=\"http:\/\/www.lesnumismates.ca\/wp-content\/uploads\/2017\/09\/jetons-de-lait-mini-150x150.png 150w, http:\/\/www.lesnumismates.ca\/wp-content\/uploads\/2017\/09\/jetons-de-lait-mini-90x90.png 90w, http:\/\/www.lesnumismates.ca\/wp-content\/uploads\/2017\/09\/jetons-de-lait-mini-75x75.png 75w\" sizes=\"(max-width: 150px) 100vw, 150px\" \/><\/a>\n<h4 class=\"pt-cv-title\"><a href=\"http:\/\/www.lesnumismates.ca\/?p=801\" class=\"_self\" target=\"_self\" >Jetons de lait du QU\u00c9BEC QUEBEC Dairy Tokens<\/a><\/h4>\n<div class=\"pt-cv-content\">Le catalogue Jetons de lait du QU\u00c9BEC Dairy Tokens (Robert Benoit, Pierre Brouillette, Yvon Marquis \/ Les \u00c9ditions Numispro) mis ...<br \/><a href=\"http:\/\/www.lesnumismates.ca\/?p=801\" class=\"_self pt-cv-readmore btn btn-success\" target=\"_self\">Lire la suite<\/a><\/div><\/div><\/div>\n<div class=\"col-md-6 col-sm-6 col-xs-12 pt-cv-content-item pt-cv-1-col\" ><div class='pt-cv-ifield'><a href=\"http:\/\/www.lesnumismates.ca\/?p=793\" class=\"_self pt-cv-href-thumbnail pt-cv-thumb-default\" target=\"_self\" ><img width=\"150\" height=\"150\" src=\"http:\/\/www.lesnumismates.ca\/wp-content\/uploads\/2017\/09\/FetesNouvelleFranceMini-150x150.png\" class=\"pt-cv-thumbnail\" alt=\"\" loading=\"lazy\" srcset=\"http:\/\/www.lesnumismates.ca\/wp-content\/uploads\/2017\/09\/FetesNouvelleFranceMini-150x150.png 150w, http:\/\/www.lesnumismates.ca\/wp-content\/uploads\/2017\/09\/FetesNouvelleFranceMini-90x90.png 90w, http:\/\/www.lesnumismates.ca\/wp-content\/uploads\/2017\/09\/FetesNouvelleFranceMini-75x75.png 75w\" sizes=\"(max-width: 150px) 100vw, 150px\" \/><\/a>\n<h4 class=\"pt-cv-title\"><a href=\"http:\/\/www.lesnumismates.ca\/?p=793\" class=\"_self\" target=\"_self\" >Le m\u00e9daillon 2017 des F\u00eates de la Nouvelle-France<\/a><\/h4>\n<div class=\"pt-cv-content\">Les F\u00eates de la Nouvelle-France qui ont eu lieu du 9 au 13 ao\u00fbt dans le Vieux Qu\u00e9bec, viennent tout ...<br \/><a href=\"http:\/\/www.lesnumismates.ca\/?p=793\" class=\"_self pt-cv-readmore btn btn-success\" target=\"_self\">Lire la suite<\/a><\/div><\/div><\/div>\n<div class=\"col-md-6 col-sm-6 col-xs-12 pt-cv-content-item pt-cv-1-col\" ><div class='pt-cv-ifield'><a href=\"http:\/\/www.lesnumismates.ca\/?p=741\" class=\"_self pt-cv-href-thumbnail pt-cv-thumb-default\" target=\"_self\" ><img width=\"150\" height=\"150\" src=\"http:\/\/www.lesnumismates.ca\/wp-content\/uploads\/2017\/09\/medaille-Boucherville-350-avers-150x150.png\" class=\"pt-cv-thumbnail\" alt=\"\" loading=\"lazy\" srcset=\"http:\/\/www.lesnumismates.ca\/wp-content\/uploads\/2017\/09\/medaille-Boucherville-350-avers-150x150.png 150w, http:\/\/www.lesnumismates.ca\/wp-content\/uploads\/2017\/09\/medaille-Boucherville-350-avers-90x90.png 90w, http:\/\/www.lesnumismates.ca\/wp-content\/uploads\/2017\/09\/medaille-Boucherville-350-avers-75x75.png 75w, http:\/\/www.lesnumismates.ca\/wp-content\/uploads\/2017\/09\/medaille-Boucherville-350-avers.png 286w\" sizes=\"(max-width: 150px) 100vw, 150px\" \/><\/a>\n<h4 class=\"pt-cv-title\"><a href=\"http:\/\/www.lesnumismates.ca\/?p=741\" class=\"_self\" target=\"_self\" >Une magnifique m\u00e9daille pour les 350 ans de Boucherville<\/a><\/h4>\n<div class=\"pt-cv-content\">La ville de Boucherville, situ\u00e9e sur la rive sud de Montr\u00e9al, c\u00e9l\u00e8bre cette ann\u00e9e son 350e anniversaire de fondation. Elle ...<br \/><a href=\"http:\/\/www.lesnumismates.ca\/?p=741\" class=\"_self pt-cv-readmore btn btn-success\" target=\"_self\">Lire la suite<\/a><\/div><\/div><\/div><\/div><\/div><\/div>\n<p>&nbsp;<\/p>\n","protected":false},"excerpt":{"rendered":"<p>Articles de Yvon &nbsp; &nbsp;<\/p>\n","protected":false},"author":1,"featured_media":1219,"parent":9,"menu_order":0,"comment_status":"closed","ping_status":"closed","template":"","meta":[],"_links":{"self":[{"href":"http:\/\/www.lesnumismates.ca\/index.php?rest_route=\/wp\/v2\/pages\/728"}],"collection":[{"href":"http:\/\/www.lesnumismates.ca\/index.php?rest_route=\/wp\/v2\/pages"}],"about":[{"href":"http:\/\/www.lesnumismates.ca\/index.php?rest_route=\/wp\/v2\/types\/page"}],"author":[{"embeddable":true,"href":"http:\/\/www.lesnumismates.ca\/index.php?rest_route=\/wp\/v2\/users\/1"}],"replies":[{"embeddable":true,"href":"http:\/\/www.lesnumismates.ca\/index.php?rest_route=%2Fwp%2Fv2%2Fcomments&post=728"}],"version-history":[{"count":7,"href":"http:\/\/www.lesnumismates.ca\/index.php?rest_route=\/wp\/v2\/pages\/728\/revisions"}],"predecessor-version":[{"id":1233,"href":"http:\/\/www.lesnumismates.ca\/index.php?rest_route=\/wp\/v2\/pages\/728\/revisions\/1233"}],"up":[{"embeddable":true,"href":"http:\/\/www.lesnumismates.ca\/index.php?rest_route=\/wp\/v2\/pages\/9"}],"wp:featuredmedia":[{"embeddable":true,"href":"http:\/\/www.lesnumismates.ca\/index.php?rest_route=\/wp\/v2\/media\/1219"}],"wp:attachment":[{"href":"http:\/\/www.lesnumismates.ca\/index.php?rest_route=%2Fwp%2Fv2%2Fmedia&parent=728"}],"curies":[{"name":"wp","href":"https:\/\/api.w.org\/{rel}","templated":true}]}}