{"id":765,"date":"2017-09-06T20:44:58","date_gmt":"2017-09-06T20:44:58","guid":{"rendered":"http:\/\/www.lesnumismates.ca\/?page_id=765"},"modified":"2017-10-13T01:28:45","modified_gmt":"2017-10-13T01:28:45","slug":"jean-pierre-pare","status":"publish","type":"page","link":"http:\/\/www.lesnumismates.ca\/?page_id=765","title":{"rendered":"Jean-Pierre Par\u00e9"},"content":{"rendered":"<p style=\"text-align: justify;\"><img loading=\"lazy\" class=\" wp-image-1220 alignleft\" src=\"http:\/\/www.lesnumismates.ca\/wp-content\/uploads\/2017\/09\/jean-pierre-mini-v2.png\" alt=\"\" width=\"158\" height=\"154\" \/>Jean-Pierre est un passionn\u00e9 d&rsquo;histoire et de numismatique.\u00a0 Il est un des membres fondateurs de la soci\u00e9t\u00e9 numismatique de qu\u00e9bec (1960).\u00a0 Collectionneur de jetons, de m\u00e9dailles, de papier-monnaie et bien\u00a0s\u00fbr de monnaies.\u00a0 Passionn\u00e9\u00a0des banques, il est l&rsquo;auteur du livre &laquo; Les banques au Qu\u00e9bec &raquo;.<\/p>\n<p>&nbsp;<\/p>\n<h3 style=\"text-align: justify;\"><\/h3>\n<h3 style=\"text-align: justify;\"><\/h3>\n<p>&nbsp;<\/p>\n<h3 style=\"text-align: justify;\">Articles de\u00a0Jean-Pierre<\/h3>\n<p style=\"text-align: justify;\"><div class=\"pt-cv-wrapper\"><div class=\"pt-cv-view pt-cv-grid pt-cv-colsys\" id=\"pt-cv-view-64098697ag\"><div data-id=\"pt-cv-page-1\" class=\"pt-cv-page\" data-cvc=\"2\"><div class=\"col-md-6 col-sm-6 col-xs-12 pt-cv-content-item pt-cv-1-col\" ><div class='pt-cv-ifield'><a href=\"http:\/\/www.lesnumismates.ca\/?p=2045\" class=\"_self pt-cv-href-thumbnail pt-cv-thumb-default\" target=\"_self\" ><img width=\"150\" height=\"150\" src=\"http:\/\/www.lesnumismates.ca\/wp-content\/uploads\/2019\/09\/LaNouvelleBatisseDeLaBanqueDuPeuple-150x150.png\" class=\"pt-cv-thumbnail\" alt=\"\" loading=\"lazy\" srcset=\"http:\/\/www.lesnumismates.ca\/wp-content\/uploads\/2019\/09\/LaNouvelleBatisseDeLaBanqueDuPeuple-150x150.png 150w, http:\/\/www.lesnumismates.ca\/wp-content\/uploads\/2019\/09\/LaNouvelleBatisseDeLaBanqueDuPeuple-90x90.png 90w, http:\/\/www.lesnumismates.ca\/wp-content\/uploads\/2019\/09\/LaNouvelleBatisseDeLaBanqueDuPeuple-75x75.png 75w\" sizes=\"(max-width: 150px) 100vw, 150px\" \/><\/a>\n<h4 class=\"pt-cv-title\"><a href=\"http:\/\/www.lesnumismates.ca\/?p=2045\" class=\"_self\" target=\"_self\" >Viger, DeWitt et Cie devenu Banque du Peuple<\/a><\/h4>\n<div class=\"pt-cv-content\">Durant les ann\u00e9es 1830 la province du Bas-Canada et particuli\u00e8rement Montr\u00e9al et ses environs sont secou\u00e9s par des malaises \u00e9conomiques ...<br \/><a href=\"http:\/\/www.lesnumismates.ca\/?p=2045\" class=\"_self pt-cv-readmore btn btn-success\" target=\"_self\">Lire la suite<\/a><\/div><\/div><\/div>\n<div class=\"col-md-6 col-sm-6 col-xs-12 pt-cv-content-item pt-cv-1-col\" ><div class='pt-cv-ifield'><a href=\"http:\/\/www.lesnumismates.ca\/?p=1676\" class=\"_self pt-cv-href-thumbnail pt-cv-thumb-default\" target=\"_self\" ><img width=\"150\" height=\"150\" src=\"http:\/\/www.lesnumismates.ca\/wp-content\/uploads\/2018\/04\/LC-15A1-Revers-150x150.png\" class=\"pt-cv-thumbnail\" alt=\"\" loading=\"lazy\" srcset=\"http:\/\/www.lesnumismates.ca\/wp-content\/uploads\/2018\/04\/LC-15A1-Revers-150x150.png 150w, http:\/\/www.lesnumismates.ca\/wp-content\/uploads\/2018\/04\/LC-15A1-Revers-298x300.png 298w, http:\/\/www.lesnumismates.ca\/wp-content\/uploads\/2018\/04\/LC-15A1-Revers-90x90.png 90w, http:\/\/www.lesnumismates.ca\/wp-content\/uploads\/2018\/04\/LC-15A1-Revers-75x75.png 75w, http:\/\/www.lesnumismates.ca\/wp-content\/uploads\/2018\/04\/LC-15A1-Revers.png 665w\" sizes=\"(max-width: 150px) 100vw, 150px\" \/><\/a>\n<h4 class=\"pt-cv-title\"><a href=\"http:\/\/www.lesnumismates.ca\/?p=1676\" class=\"_self\" target=\"_self\" >Jeton Thomas Storrow Brown connu sous T.S. Brown ou Jeton \u00e0 Tommy (Breton 561)<\/a><\/h4>\n<div class=\"pt-cv-content\">Ce jeton de cuivre fut frapp\u00e9 a Birmingham, Angleterre. Il fut \u00e9mis en 1832 pour la quincaillerie Brown, situ\u00e9 \u00e0 ...<br \/><a href=\"http:\/\/www.lesnumismates.ca\/?p=1676\" class=\"_self pt-cv-readmore btn btn-success\" target=\"_self\">Lire la suite<\/a><\/div><\/div><\/div>\n<div class=\"col-md-6 col-sm-6 col-xs-12 pt-cv-content-item pt-cv-1-col\" ><div class='pt-cv-ifield'><a href=\"http:\/\/www.lesnumismates.ca\/?p=1359\" class=\"_self pt-cv-href-thumbnail pt-cv-thumb-default\" target=\"_self\" ><img width=\"150\" height=\"150\" src=\"http:\/\/www.lesnumismates.ca\/wp-content\/uploads\/2017\/12\/Banque-de-Quebec-150x150.png\" class=\"pt-cv-thumbnail\" alt=\"\" loading=\"lazy\" srcset=\"http:\/\/www.lesnumismates.ca\/wp-content\/uploads\/2017\/12\/Banque-de-Quebec-150x150.png 150w, http:\/\/www.lesnumismates.ca\/wp-content\/uploads\/2017\/12\/Banque-de-Quebec-90x90.png 90w, http:\/\/www.lesnumismates.ca\/wp-content\/uploads\/2017\/12\/Banque-de-Quebec-75x75.png 75w\" sizes=\"(max-width: 150px) 100vw, 150px\" \/><\/a>\n<h4 class=\"pt-cv-title\"><a href=\"http:\/\/www.lesnumismates.ca\/?p=1359\" class=\"_self\" target=\"_self\" >Banque de Qu\u00e9bec 1818 &#8211; 1917<\/a><\/h4>\n<div class=\"pt-cv-content\">Au d\u00e9but de l'ann\u00e9e 1818 des marchands et autres citoyens de Qu\u00e9bec se r\u00e9unissent \u00e0 l'H\u00f4tel Union afin de jeter ...<br \/><a href=\"http:\/\/www.lesnumismates.ca\/?p=1359\" class=\"_self pt-cv-readmore btn btn-success\" target=\"_self\">Lire la suite<\/a><\/div><\/div><\/div>\n<div class=\"col-md-6 col-sm-6 col-xs-12 pt-cv-content-item pt-cv-1-col\" ><div class='pt-cv-ifield'><a href=\"http:\/\/www.lesnumismates.ca\/?p=1329\" class=\"_self pt-cv-href-thumbnail pt-cv-thumb-default\" target=\"_self\" ><img width=\"150\" height=\"150\" src=\"http:\/\/www.lesnumismates.ca\/wp-content\/uploads\/2017\/10\/Lauzon-1821-mini-150x150.jpg\" class=\"pt-cv-thumbnail\" alt=\"\" loading=\"lazy\" srcset=\"http:\/\/www.lesnumismates.ca\/wp-content\/uploads\/2017\/10\/Lauzon-1821-mini-150x150.jpg 150w, http:\/\/www.lesnumismates.ca\/wp-content\/uploads\/2017\/10\/Lauzon-1821-mini-90x90.jpg 90w, http:\/\/www.lesnumismates.ca\/wp-content\/uploads\/2017\/10\/Lauzon-1821-mini-75x75.jpg 75w\" sizes=\"(max-width: 150px) 100vw, 150px\" \/><\/a>\n<h4 class=\"pt-cv-title\"><a href=\"http:\/\/www.lesnumismates.ca\/?p=1329\" class=\"_self\" target=\"_self\" >Histoire de la traverse Qu\u00e9bec-L\u00e9vis et du jeton Lauzon<\/a><\/h4>\n<div class=\"pt-cv-content\">Aujourd\u2019hui lorsque nous avons besoin de traverser \u00e0 L\u00e9vis, on peut y aller en auto par les ponts ou utiliser ...<br \/><a href=\"http:\/\/www.lesnumismates.ca\/?p=1329\" class=\"_self pt-cv-readmore btn btn-success\" target=\"_self\">Lire la suite<\/a><\/div><\/div><\/div>\n<div class=\"col-md-6 col-sm-6 col-xs-12 pt-cv-content-item pt-cv-1-col\" ><div class='pt-cv-ifield'><a href=\"http:\/\/www.lesnumismates.ca\/?p=1256\" class=\"_self pt-cv-href-thumbnail pt-cv-thumb-default\" target=\"_self\" ><img width=\"150\" height=\"150\" src=\"http:\/\/www.lesnumismates.ca\/wp-content\/uploads\/2017\/10\/jop-mini-1-150x150.jpg\" class=\"pt-cv-thumbnail\" alt=\"\" loading=\"lazy\" srcset=\"http:\/\/www.lesnumismates.ca\/wp-content\/uploads\/2017\/10\/jop-mini-1-150x150.jpg 150w, http:\/\/www.lesnumismates.ca\/wp-content\/uploads\/2017\/10\/jop-mini-1-90x90.jpg 90w, http:\/\/www.lesnumismates.ca\/wp-content\/uploads\/2017\/10\/jop-mini-1-75x75.jpg 75w, http:\/\/www.lesnumismates.ca\/wp-content\/uploads\/2017\/10\/jop-mini-1.jpg 283w\" sizes=\"(max-width: 150px) 100vw, 150px\" \/><\/a>\n<h4 class=\"pt-cv-title\"><a href=\"http:\/\/www.lesnumismates.ca\/?p=1256\" class=\"_self\" target=\"_self\" >Dollar canadien J.O.P<\/a><\/h4>\n<div class=\"pt-cv-content\">Lorsque l'on parle de dollar en argent, c'est une pi\u00e8ce impressionnante et depuis tr\u00e8s longtemps les Canadiens d\u00e9siraient obtenir de ...<br \/><a href=\"http:\/\/www.lesnumismates.ca\/?p=1256\" class=\"_self pt-cv-readmore btn btn-success\" target=\"_self\">Lire la suite<\/a><\/div><\/div><\/div>\n<div class=\"col-md-6 col-sm-6 col-xs-12 pt-cv-content-item pt-cv-1-col\" ><div class='pt-cv-ifield'><a href=\"http:\/\/www.lesnumismates.ca\/?p=1186\" class=\"_self pt-cv-href-thumbnail pt-cv-thumb-default\" target=\"_self\" ><img width=\"150\" height=\"150\" src=\"http:\/\/www.lesnumismates.ca\/wp-content\/uploads\/2017\/10\/20centsCanada1858-mini-150x150.png\" class=\"pt-cv-thumbnail\" alt=\"\" loading=\"lazy\" srcset=\"http:\/\/www.lesnumismates.ca\/wp-content\/uploads\/2017\/10\/20centsCanada1858-mini-150x150.png 150w, http:\/\/www.lesnumismates.ca\/wp-content\/uploads\/2017\/10\/20centsCanada1858-mini-300x300.png 300w, http:\/\/www.lesnumismates.ca\/wp-content\/uploads\/2017\/10\/20centsCanada1858-mini-90x90.png 90w, http:\/\/www.lesnumismates.ca\/wp-content\/uploads\/2017\/10\/20centsCanada1858-mini-75x75.png 75w, http:\/\/www.lesnumismates.ca\/wp-content\/uploads\/2017\/10\/20centsCanada1858-mini.png 601w\" sizes=\"(max-width: 150px) 100vw, 150px\" \/><\/a>\n<h4 class=\"pt-cv-title\"><a href=\"http:\/\/www.lesnumismates.ca\/?p=1186\" class=\"_self\" target=\"_self\" >La pi\u00e8ce de 20 cents de la Province du Canada<\/a><\/h4>\n<div class=\"pt-cv-content\">L\u2019arriv\u00e9e de la pi\u00e8ce de 20 cents en 1858 fut un \u00e9chec. Aujourd\u2019hui cette monnaie impressionne mais elle le fut ...<br \/><a href=\"http:\/\/www.lesnumismates.ca\/?p=1186\" class=\"_self pt-cv-readmore btn btn-success\" target=\"_self\">Lire la suite<\/a><\/div><\/div><\/div>\n<div class=\"col-md-6 col-sm-6 col-xs-12 pt-cv-content-item pt-cv-1-col\" ><div class='pt-cv-ifield'><a href=\"http:\/\/www.lesnumismates.ca\/?p=1128\" class=\"_self pt-cv-href-thumbnail pt-cv-thumb-default\" target=\"_self\" ><img width=\"150\" height=\"150\" src=\"http:\/\/www.lesnumismates.ca\/wp-content\/uploads\/2017\/10\/5-cents-1921-150x150.jpg\" class=\"pt-cv-thumbnail\" alt=\"\" loading=\"lazy\" srcset=\"http:\/\/www.lesnumismates.ca\/wp-content\/uploads\/2017\/10\/5-cents-1921-150x150.jpg 150w, http:\/\/www.lesnumismates.ca\/wp-content\/uploads\/2017\/10\/5-cents-1921-300x297.jpg 300w, http:\/\/www.lesnumismates.ca\/wp-content\/uploads\/2017\/10\/5-cents-1921-768x762.jpg 768w, http:\/\/www.lesnumismates.ca\/wp-content\/uploads\/2017\/10\/5-cents-1921-1024x1015.jpg 1024w, http:\/\/www.lesnumismates.ca\/wp-content\/uploads\/2017\/10\/5-cents-1921-90x90.jpg 90w, http:\/\/www.lesnumismates.ca\/wp-content\/uploads\/2017\/10\/5-cents-1921-75x75.jpg 75w, http:\/\/www.lesnumismates.ca\/wp-content\/uploads\/2017\/10\/5-cents-1921.jpg 1799w\" sizes=\"(max-width: 150px) 100vw, 150px\" \/><\/a>\n<h4 class=\"pt-cv-title\"><a href=\"http:\/\/www.lesnumismates.ca\/?p=1128\" class=\"_self\" target=\"_self\" >Le petit 5 cents en argent 1921<\/a><\/h4>\n<div class=\"pt-cv-content\">L'apr\u00e8s guerre au Canada en 1918 am\u00e8nera divers changements sur les plans mon\u00e9taire et numismatique. Mentionnons particuli\u00e8rement la disparition de ...<br \/><a href=\"http:\/\/www.lesnumismates.ca\/?p=1128\" class=\"_self pt-cv-readmore btn btn-success\" target=\"_self\">Lire la suite<\/a><\/div><\/div><\/div><\/div><\/div><\/div><\/p>\n","protected":false},"excerpt":{"rendered":"<p>Jean-Pierre est un passionn\u00e9 d&rsquo;histoire et de numismatique.\u00a0 Il est un des membres fondateurs de la soci\u00e9t\u00e9 numismatique de qu\u00e9bec (1960).\u00a0 Collectionneur de jetons, de m\u00e9dailles, de papier-monnaie et bien\u00a0s\u00fbr de monnaies.\u00a0 Passionn\u00e9\u00a0des banques, il est l&rsquo;auteur du livre &laquo; Les banques au Qu\u00e9bec &raquo;. &nbsp; &nbsp; Articles de\u00a0Jean-Pierre<\/p>\n","protected":false},"author":1,"featured_media":1220,"parent":9,"menu_order":0,"comment_status":"closed","ping_status":"closed","template":"","meta":[],"_links":{"self":[{"href":"http:\/\/www.lesnumismates.ca\/index.php?rest_route=\/wp\/v2\/pages\/765"}],"collection":[{"href":"http:\/\/www.lesnumismates.ca\/index.php?rest_route=\/wp\/v2\/pages"}],"about":[{"href":"http:\/\/www.lesnumismates.ca\/index.php?rest_route=\/wp\/v2\/types\/page"}],"author":[{"embeddable":true,"href":"http:\/\/www.lesnumismates.ca\/index.php?rest_route=\/wp\/v2\/users\/1"}],"replies":[{"embeddable":true,"href":"http:\/\/www.lesnumismates.ca\/index.php?rest_route=%2Fwp%2Fv2%2Fcomments&post=765"}],"version-history":[{"count":8,"href":"http:\/\/www.lesnumismates.ca\/index.php?rest_route=\/wp\/v2\/pages\/765\/revisions"}],"predecessor-version":[{"id":1232,"href":"http:\/\/www.lesnumismates.ca\/index.php?rest_route=\/wp\/v2\/pages\/765\/revisions\/1232"}],"up":[{"embeddable":true,"href":"http:\/\/www.lesnumismates.ca\/index.php?rest_route=\/wp\/v2\/pages\/9"}],"wp:featuredmedia":[{"embeddable":true,"href":"http:\/\/www.lesnumismates.ca\/index.php?rest_route=\/wp\/v2\/media\/1220"}],"wp:attachment":[{"href":"http:\/\/www.lesnumismates.ca\/index.php?rest_route=%2Fwp%2Fv2%2Fmedia&parent=765"}],"curies":[{"name":"wp","href":"https:\/\/api.w.org\/{rel}","templated":true}]}}