{"id":821,"date":"2017-09-10T18:09:53","date_gmt":"2017-09-10T18:09:53","guid":{"rendered":"http:\/\/www.lesnumismates.ca\/?page_id=821"},"modified":"2017-09-10T18:13:53","modified_gmt":"2017-09-10T18:13:53","slug":"articles-recemment-ajoutes","status":"publish","type":"page","link":"http:\/\/www.lesnumismates.ca\/?page_id=821","title":{"rendered":"Articles r\u00e9cemment ajout\u00e9s"},"content":{"rendered":"<p>&nbsp;<\/p>\n<div class=\"pt-cv-wrapper\"><div class=\"pt-cv-view pt-cv-grid pt-cv-colsys\" id=\"pt-cv-view-67c267ca39\"><div data-id=\"pt-cv-page-1\" class=\"pt-cv-page\" data-cvc=\"2\"><div class=\"col-md-6 col-sm-6 col-xs-12 pt-cv-content-item pt-cv-1-col\" ><div class='pt-cv-ifield'><a href=\"http:\/\/www.lesnumismates.ca\/?p=2199\" class=\"_self pt-cv-href-thumbnail pt-cv-thumb-default\" target=\"_self\" ><img width=\"150\" height=\"150\" src=\"http:\/\/www.lesnumismates.ca\/wp-content\/uploads\/2021\/04\/9-Faux-Anchor-money-1822-150x150.png\" class=\"pt-cv-thumbnail\" alt=\"\" loading=\"lazy\" srcset=\"http:\/\/www.lesnumismates.ca\/wp-content\/uploads\/2021\/04\/9-Faux-Anchor-money-1822-150x150.png 150w, http:\/\/www.lesnumismates.ca\/wp-content\/uploads\/2021\/04\/9-Faux-Anchor-money-1822-90x90.png 90w, http:\/\/www.lesnumismates.ca\/wp-content\/uploads\/2021\/04\/9-Faux-Anchor-money-1822-75x75.png 75w\" sizes=\"(max-width: 150px) 100vw, 150px\" \/><\/a>\n<h4 class=\"pt-cv-title\"><a href=\"http:\/\/www.lesnumismates.ca\/?p=2199\" class=\"_self\" target=\"_self\" >Des fausses pi\u00e8ces \u00e0 profusion!<\/a><\/h4>\n<div class=\"pt-cv-content\">Depuis que je vous ai pr\u00e9sent\u00e9 un article (Jeton colonial contrefait (PC-4)) sur des fausses pi\u00e8ces de jetons coloniaux canadiens, ...<br \/><a href=\"http:\/\/www.lesnumismates.ca\/?p=2199\" class=\"_self pt-cv-readmore btn btn-success\" target=\"_self\">Lire la suite<\/a><\/div><\/div><\/div>\n<div class=\"col-md-6 col-sm-6 col-xs-12 pt-cv-content-item pt-cv-1-col\" ><div class='pt-cv-ifield'><a href=\"http:\/\/www.lesnumismates.ca\/?p=2167\" class=\"_self pt-cv-href-thumbnail pt-cv-thumb-default\" target=\"_self\" ><img width=\"150\" height=\"150\" src=\"http:\/\/www.lesnumismates.ca\/wp-content\/uploads\/2020\/11\/Image2-150x150.png\" class=\"pt-cv-thumbnail\" alt=\"\" loading=\"lazy\" srcset=\"http:\/\/www.lesnumismates.ca\/wp-content\/uploads\/2020\/11\/Image2-150x150.png 150w, http:\/\/www.lesnumismates.ca\/wp-content\/uploads\/2020\/11\/Image2-90x90.png 90w, http:\/\/www.lesnumismates.ca\/wp-content\/uploads\/2020\/11\/Image2-75x75.png 75w\" sizes=\"(max-width: 150px) 100vw, 150px\" \/><\/a>\n<h4 class=\"pt-cv-title\"><a href=\"http:\/\/www.lesnumismates.ca\/?p=2167\" class=\"_self\" target=\"_self\" >Le tr\u00e9sor in\u00e9dit de l\u2019abbaye de Cluny<\/a><\/h4>\n<div class=\"pt-cv-content\">Une campagne de fouilles arch\u00e9ologiques, qui s\u2019est d\u00e9roul\u00e9e dans l\u2019abbaye de Cluny durant l\u2019automne 2017, a donn\u00e9 lieu \u00e0 la ...<br \/><a href=\"http:\/\/www.lesnumismates.ca\/?p=2167\" class=\"_self pt-cv-readmore btn btn-success\" target=\"_self\">Lire la suite<\/a><\/div><\/div><\/div>\n<div class=\"col-md-6 col-sm-6 col-xs-12 pt-cv-content-item pt-cv-1-col\" ><div class='pt-cv-ifield'><a href=\"http:\/\/www.lesnumismates.ca\/?p=2140\" class=\"_self pt-cv-href-thumbnail pt-cv-thumb-default\" target=\"_self\" ><img width=\"150\" height=\"150\" src=\"http:\/\/www.lesnumismates.ca\/wp-content\/uploads\/2020\/05\/Indochine-150x150.jpg\" class=\"pt-cv-thumbnail\" alt=\"\" loading=\"lazy\" srcset=\"http:\/\/www.lesnumismates.ca\/wp-content\/uploads\/2020\/05\/Indochine-150x150.jpg 150w, http:\/\/www.lesnumismates.ca\/wp-content\/uploads\/2020\/05\/Indochine-300x300.jpg 300w, http:\/\/www.lesnumismates.ca\/wp-content\/uploads\/2020\/05\/Indochine-90x90.jpg 90w, http:\/\/www.lesnumismates.ca\/wp-content\/uploads\/2020\/05\/Indochine-75x75.jpg 75w, http:\/\/www.lesnumismates.ca\/wp-content\/uploads\/2020\/05\/Indochine.jpg 401w\" sizes=\"(max-width: 150px) 100vw, 150px\" \/><\/a>\n<h4 class=\"pt-cv-title\"><a href=\"http:\/\/www.lesnumismates.ca\/?p=2140\" class=\"_self\" target=\"_self\" >Le monnayage colonial fran\u00e7ais (La monnaie de l&rsquo;Indochine fran\u00e7aise)<\/a><\/h4>\n<div class=\"pt-cv-content\">L'Indochine fran\u00e7aise (en vietnamien : \u0110\u00f4ng D\u01b0\u01a1ng thu\u1ed9c Ph\u00e1p ou l'Union indochinoise fran\u00e7aise) est une ancienne colonie d'exploitation, cr\u00e9ation de ...<br \/><a href=\"http:\/\/www.lesnumismates.ca\/?p=2140\" class=\"_self pt-cv-readmore btn btn-success\" target=\"_self\">Lire la suite<\/a><\/div><\/div><\/div>\n<div class=\"col-md-6 col-sm-6 col-xs-12 pt-cv-content-item pt-cv-1-col\" ><div class='pt-cv-ifield'><a href=\"http:\/\/www.lesnumismates.ca\/?p=2093\" class=\"_self pt-cv-href-thumbnail pt-cv-thumb-default\" target=\"_self\" ><img width=\"150\" height=\"150\" src=\"http:\/\/www.lesnumismates.ca\/wp-content\/uploads\/2019\/09\/HenryVImageAvant-150x150.png\" class=\"pt-cv-thumbnail\" alt=\"\" loading=\"lazy\" srcset=\"http:\/\/www.lesnumismates.ca\/wp-content\/uploads\/2019\/09\/HenryVImageAvant-150x150.png 150w, http:\/\/www.lesnumismates.ca\/wp-content\/uploads\/2019\/09\/HenryVImageAvant-90x90.png 90w, http:\/\/www.lesnumismates.ca\/wp-content\/uploads\/2019\/09\/HenryVImageAvant-75x75.png 75w\" sizes=\"(max-width: 150px) 100vw, 150px\" \/><\/a>\n<h4 class=\"pt-cv-title\"><a href=\"http:\/\/www.lesnumismates.ca\/?p=2093\" class=\"_self\" target=\"_self\" >Le monnayage d\u2019Henri V, comte de Chambord,  dernier-roi de la Maison de France<\/a><\/h4>\n<div class=\"pt-cv-content\">Le comte de Chambord fut sous le nom d\u2019Henri V le pr\u00e9tendant l\u00e9gitime au tr\u00f4ne de France. Ce roi malchanceux ...<br \/><a href=\"http:\/\/www.lesnumismates.ca\/?p=2093\" class=\"_self pt-cv-readmore btn btn-success\" target=\"_self\">Lire la suite<\/a><\/div><\/div><\/div>\n<div class=\"col-md-6 col-sm-6 col-xs-12 pt-cv-content-item pt-cv-1-col\" ><div class='pt-cv-ifield'><a href=\"http:\/\/www.lesnumismates.ca\/?p=2045\" class=\"_self pt-cv-href-thumbnail pt-cv-thumb-default\" target=\"_self\" ><img width=\"150\" height=\"150\" src=\"http:\/\/www.lesnumismates.ca\/wp-content\/uploads\/2019\/09\/LaNouvelleBatisseDeLaBanqueDuPeuple-150x150.png\" class=\"pt-cv-thumbnail\" alt=\"\" loading=\"lazy\" srcset=\"http:\/\/www.lesnumismates.ca\/wp-content\/uploads\/2019\/09\/LaNouvelleBatisseDeLaBanqueDuPeuple-150x150.png 150w, http:\/\/www.lesnumismates.ca\/wp-content\/uploads\/2019\/09\/LaNouvelleBatisseDeLaBanqueDuPeuple-90x90.png 90w, http:\/\/www.lesnumismates.ca\/wp-content\/uploads\/2019\/09\/LaNouvelleBatisseDeLaBanqueDuPeuple-75x75.png 75w\" sizes=\"(max-width: 150px) 100vw, 150px\" \/><\/a>\n<h4 class=\"pt-cv-title\"><a href=\"http:\/\/www.lesnumismates.ca\/?p=2045\" class=\"_self\" target=\"_self\" >Viger, DeWitt et Cie devenu Banque du Peuple<\/a><\/h4>\n<div class=\"pt-cv-content\">Durant les ann\u00e9es 1830 la province du Bas-Canada et particuli\u00e8rement Montr\u00e9al et ses environs sont secou\u00e9s par des malaises \u00e9conomiques ...<br \/><a href=\"http:\/\/www.lesnumismates.ca\/?p=2045\" class=\"_self pt-cv-readmore btn btn-success\" target=\"_self\">Lire la suite<\/a><\/div><\/div><\/div>\n<div class=\"col-md-6 col-sm-6 col-xs-12 pt-cv-content-item pt-cv-1-col\" ><div class='pt-cv-ifield'><a href=\"http:\/\/www.lesnumismates.ca\/?p=1992\" class=\"_self pt-cv-href-thumbnail pt-cv-thumb-default\" target=\"_self\" ><img width=\"150\" height=\"150\" src=\"http:\/\/www.lesnumismates.ca\/wp-content\/uploads\/2019\/04\/CoursCorrespondanceANRCPartie2-150x150.png\" class=\"pt-cv-thumbnail\" alt=\"\" loading=\"lazy\" srcset=\"http:\/\/www.lesnumismates.ca\/wp-content\/uploads\/2019\/04\/CoursCorrespondanceANRCPartie2-150x150.png 150w, http:\/\/www.lesnumismates.ca\/wp-content\/uploads\/2019\/04\/CoursCorrespondanceANRCPartie2-90x90.png 90w, http:\/\/www.lesnumismates.ca\/wp-content\/uploads\/2019\/04\/CoursCorrespondanceANRCPartie2-75x75.png 75w\" sizes=\"(max-width: 150px) 100vw, 150px\" \/><\/a>\n<h4 class=\"pt-cv-title\"><a href=\"http:\/\/www.lesnumismates.ca\/?p=1992\" class=\"_self\" target=\"_self\" >Lancement de la version en fran\u00e7ais  du Cours par Correspondance sur la Numismatique Canadienne &#8211; Partie II<\/a><\/h4>\n<div class=\"pt-cv-content\">Tel qu\u2019annonc\u00e9 il y a quelques mois, la version francophone du cours par correspondance sur la numismatique canadienne a \u00e9t\u00e9 ...<br \/><a href=\"http:\/\/www.lesnumismates.ca\/?p=1992\" class=\"_self pt-cv-readmore btn btn-success\" target=\"_self\">Lire la suite<\/a><\/div><\/div><\/div>\n<div class=\"col-md-6 col-sm-6 col-xs-12 pt-cv-content-item pt-cv-1-col\" ><div class='pt-cv-ifield'><a href=\"http:\/\/www.lesnumismates.ca\/?p=1913\" class=\"_self pt-cv-href-thumbnail pt-cv-thumb-default\" target=\"_self\" ><img width=\"150\" height=\"150\" src=\"http:\/\/www.lesnumismates.ca\/wp-content\/uploads\/2018\/12\/Anne-Marie-Louise-thumb-150x150.png\" class=\"pt-cv-thumbnail\" alt=\"\" loading=\"lazy\" srcset=\"http:\/\/www.lesnumismates.ca\/wp-content\/uploads\/2018\/12\/Anne-Marie-Louise-thumb-150x150.png 150w, http:\/\/www.lesnumismates.ca\/wp-content\/uploads\/2018\/12\/Anne-Marie-Louise-thumb-90x90.png 90w, http:\/\/www.lesnumismates.ca\/wp-content\/uploads\/2018\/12\/Anne-Marie-Louise-thumb-75x75.png 75w\" sizes=\"(max-width: 150px) 100vw, 150px\" \/><\/a>\n<h4 class=\"pt-cv-title\"><a href=\"http:\/\/www.lesnumismates.ca\/?p=1913\" class=\"_self\" target=\"_self\" >Le monnayage de la Grande Mademoiselle, princesse de Dombes et cousine du Roi Soleil<\/a><\/h4>\n<div class=\"pt-cv-content\">ANNE-MARIE LOUISE D\u2019ORLEANS DE BOURBON-MONTPENSIER (1627-1693) : UN PERSONNAGE HAUT EN COULEUR Anne-Marie Louise d\u2019Orl\u00e9ans, plus connue sous le nom ...<br \/><a href=\"http:\/\/www.lesnumismates.ca\/?p=1913\" class=\"_self pt-cv-readmore btn btn-success\" target=\"_self\">Lire la suite<\/a><\/div><\/div><\/div>\n<div class=\"col-md-6 col-sm-6 col-xs-12 pt-cv-content-item pt-cv-1-col\" ><div class='pt-cv-ifield'><a href=\"http:\/\/www.lesnumismates.ca\/?p=1701\" class=\"_self pt-cv-href-thumbnail pt-cv-thumb-default\" target=\"_self\" ><img width=\"150\" height=\"150\" src=\"http:\/\/www.lesnumismates.ca\/wp-content\/uploads\/2018\/08\/thumnailfakepc4-150x150.jpg\" class=\"pt-cv-thumbnail\" alt=\"\" loading=\"lazy\" srcset=\"http:\/\/www.lesnumismates.ca\/wp-content\/uploads\/2018\/08\/thumnailfakepc4-150x150.jpg 150w, http:\/\/www.lesnumismates.ca\/wp-content\/uploads\/2018\/08\/thumnailfakepc4-300x300.jpg 300w, http:\/\/www.lesnumismates.ca\/wp-content\/uploads\/2018\/08\/thumnailfakepc4-768x768.jpg 768w, http:\/\/www.lesnumismates.ca\/wp-content\/uploads\/2018\/08\/thumnailfakepc4-1024x1024.jpg 1024w, http:\/\/www.lesnumismates.ca\/wp-content\/uploads\/2018\/08\/thumnailfakepc4-90x90.jpg 90w, http:\/\/www.lesnumismates.ca\/wp-content\/uploads\/2018\/08\/thumnailfakepc4-75x75.jpg 75w, http:\/\/www.lesnumismates.ca\/wp-content\/uploads\/2018\/08\/thumnailfakepc4.jpg 1137w\" sizes=\"(max-width: 150px) 100vw, 150px\" \/><\/a>\n<h4 class=\"pt-cv-title\"><a href=\"http:\/\/www.lesnumismates.ca\/?p=1701\" class=\"_self\" target=\"_self\" >Jeton colonial contrefait (PC-4)<\/a><\/h4>\n<div class=\"pt-cv-content\">Depuis quelques temps, des contrefa\u00e7ons de jetons coloniaux canadiens apparaissent sporadiquement sur eBay.\u00a0 Ils demeurent le temps qu'un ou des ...<br \/><a href=\"http:\/\/www.lesnumismates.ca\/?p=1701\" class=\"_self pt-cv-readmore btn btn-success\" target=\"_self\">Lire la suite<\/a><\/div><\/div><\/div>\n<div class=\"col-md-6 col-sm-6 col-xs-12 pt-cv-content-item pt-cv-1-col\" ><div class='pt-cv-ifield'><a href=\"http:\/\/www.lesnumismates.ca\/?p=1805\" class=\"_self pt-cv-href-thumbnail pt-cv-thumb-default\" target=\"_self\" ><img width=\"150\" height=\"150\" src=\"http:\/\/www.lesnumismates.ca\/wp-content\/uploads\/2018\/08\/MaisonShinplaster7billets-150x150.png\" class=\"pt-cv-thumbnail\" alt=\"\" loading=\"lazy\" srcset=\"http:\/\/www.lesnumismates.ca\/wp-content\/uploads\/2018\/08\/MaisonShinplaster7billets-150x150.png 150w, http:\/\/www.lesnumismates.ca\/wp-content\/uploads\/2018\/08\/MaisonShinplaster7billets-90x90.png 90w, http:\/\/www.lesnumismates.ca\/wp-content\/uploads\/2018\/08\/MaisonShinplaster7billets-75x75.png 75w\" sizes=\"(max-width: 150px) 100vw, 150px\" \/><\/a>\n<h4 class=\"pt-cv-title\"><a href=\"http:\/\/www.lesnumismates.ca\/?p=1805\" class=\"_self\" target=\"_self\" >R\u00e9cit de la d\u00e9couverte d\u2019un petit tr\u00e9sor<\/a><\/h4>\n<div class=\"pt-cv-content\">En 1997 j'ai achet\u00e9 une maison \u00e0 Beauharnois, c'\u00e9tait une reprise de finance qui datait de 1887. Je ne l\u2019ai ...<br \/><a href=\"http:\/\/www.lesnumismates.ca\/?p=1805\" class=\"_self pt-cv-readmore btn btn-success\" target=\"_self\">Lire la suite<\/a><\/div><\/div><\/div>\n<div class=\"col-md-6 col-sm-6 col-xs-12 pt-cv-content-item pt-cv-1-col\" ><div class='pt-cv-ifield'><a href=\"http:\/\/www.lesnumismates.ca\/?p=1760\" class=\"_self pt-cv-href-thumbnail pt-cv-thumb-default\" target=\"_self\" ><img width=\"150\" height=\"150\" src=\"http:\/\/www.lesnumismates.ca\/wp-content\/uploads\/2018\/07\/PondicheryImageAvant-2-150x150.png\" class=\"pt-cv-thumbnail\" alt=\"\" loading=\"lazy\" srcset=\"http:\/\/www.lesnumismates.ca\/wp-content\/uploads\/2018\/07\/PondicheryImageAvant-2-150x150.png 150w, http:\/\/www.lesnumismates.ca\/wp-content\/uploads\/2018\/07\/PondicheryImageAvant-2-90x90.png 90w, http:\/\/www.lesnumismates.ca\/wp-content\/uploads\/2018\/07\/PondicheryImageAvant-2-75x75.png 75w\" sizes=\"(max-width: 150px) 100vw, 150px\" \/><\/a>\n<h4 class=\"pt-cv-title\"><a href=\"http:\/\/www.lesnumismates.ca\/?p=1760\" class=\"_self\" target=\"_self\" >La monnaie des comptoirs de l\u2019Inde fran\u00e7aise (Pondich\u00e9ry)<\/a><\/h4>\n<div class=\"pt-cv-content\">Une puissance coloniale est un Etat qui envoie dans un autre pays, une r\u00e9union de personnes - femmes, hommes et ...<br \/><a href=\"http:\/\/www.lesnumismates.ca\/?p=1760\" class=\"_self pt-cv-readmore btn btn-success\" target=\"_self\">Lire la suite<\/a><\/div><\/div><\/div><\/div><\/div><\/div>\n<p>&nbsp;<\/p>\n","protected":false},"excerpt":{"rendered":"<p>&nbsp; &nbsp;<\/p>\n","protected":false},"author":1,"featured_media":0,"parent":0,"menu_order":0,"comment_status":"closed","ping_status":"closed","template":"","meta":[],"_links":{"self":[{"href":"http:\/\/www.lesnumismates.ca\/index.php?rest_route=\/wp\/v2\/pages\/821"}],"collection":[{"href":"http:\/\/www.lesnumismates.ca\/index.php?rest_route=\/wp\/v2\/pages"}],"about":[{"href":"http:\/\/www.lesnumismates.ca\/index.php?rest_route=\/wp\/v2\/types\/page"}],"author":[{"embeddable":true,"href":"http:\/\/www.lesnumismates.ca\/index.php?rest_route=\/wp\/v2\/users\/1"}],"replies":[{"embeddable":true,"href":"http:\/\/www.lesnumismates.ca\/index.php?rest_route=%2Fwp%2Fv2%2Fcomments&post=821"}],"version-history":[{"count":2,"href":"http:\/\/www.lesnumismates.ca\/index.php?rest_route=\/wp\/v2\/pages\/821\/revisions"}],"predecessor-version":[{"id":825,"href":"http:\/\/www.lesnumismates.ca\/index.php?rest_route=\/wp\/v2\/pages\/821\/revisions\/825"}],"wp:attachment":[{"href":"http:\/\/www.lesnumismates.ca\/index.php?rest_route=%2Fwp%2Fv2%2Fmedia&parent=821"}],"curies":[{"name":"wp","href":"https:\/\/api.w.org\/{rel}","templated":true}]}}